{"id":12,"date":"2016-05-27T10:54:32","date_gmt":"2016-05-27T07:54:32","guid":{"rendered":"https:\/\/dev.prestigtours.com?page_id=12"},"modified":"2016-12-26T12:48:07","modified_gmt":"2016-12-26T09:48:07","slug":"about","status":"publish","type":"page","link":"https:\/\/dev.prestigtours.com\/es\/about","title":{"rendered":"SOBRE NOSOTROS"},"content":{"rendered":"<p>Trabajamos en el mercado tur\u00edstico desde 2011.<\/p>\n<p>Todos los materiales de este sitio se toman de fuentes abiertas: tienen un v\u00ednculo de retroceso al material en Internet o son enviados por los visitantes del sitio y se proporcionan \u00fanicamente con fines informativos. Los derechos sobre los materiales pertenecen a sus propietarios. La administraci\u00f3n del sitio no es responsable del contenido del material. Si encuentra materiales en nuestro sitio web que violan los derechos de autor que le pertenecen a usted, su empresa u organizaci\u00f3n, notif\u00edquenos.<\/p>\n<p>Contactos: Israel Lod st Arba Anot 14 habitaci\u00f3n 21<br \/>\nTelf. +972774209073<br \/>\nFax +972774209074<br \/>\nM\u00f3vil +972549226633<br \/>\nCorreo electr\u00f3nico: prestigtours@gmail.com<\/p>\n<p>Myagkov romano<\/p>","protected":false},"excerpt":{"rendered":"<p>Hemos estado trabajando en el mercado tur\u00edstico desde 2011. Todos los materiales en este sitio se toman de fuentes abiertas y tienen sus propios derechos.<\/p>","protected":false},"author":1,"featured_media":0,"parent":0,"menu_order":0,"comment_status":"closed","ping_status":"closed","template":"","meta":{"footnotes":""},"class_list":["post-12","page","type-page","status-publish","hentry"],"_links":{"self":[{"href":"https:\/\/dev.prestigtours.com\/es\/wp-json\/wp\/v2\/pages\/12"}],"collection":[{"href":"https:\/\/dev.prestigtours.com\/es\/wp-json\/wp\/v2\/pages"}],"about":[{"href":"https:\/\/dev.prestigtours.com\/es\/wp-json\/wp\/v2\/types\/page"}],"author":[{"embeddable":true,"href":"https:\/\/dev.prestigtours.com\/es\/wp-json\/wp\/v2\/users\/1"}],"replies":[{"embeddable":true,"href":"https:\/\/dev.prestigtours.com\/es\/wp-json\/wp\/v2\/comments?post=12"}],"version-history":[{"count":0,"href":"https:\/\/dev.prestigtours.com\/es\/wp-json\/wp\/v2\/pages\/12\/revisions"}],"wp:attachment":[{"href":"https:\/\/dev.prestigtours.com\/es\/wp-json\/wp\/v2\/media?parent=12"}],"curies":[{"name":"wp","href":"https:\/\/api.w.org\/{rel}","templated":true}]}}