{"id":67910,"date":"2020-11-23T12:10:28","date_gmt":"2020-11-23T09:10:28","guid":{"rendered":"https:\/\/dev.prestigtours.com\/?page_id=67910"},"modified":"2020-11-24T13:54:32","modified_gmt":"2020-11-24T10:54:32","slug":"politika-konfidentsialnosti","status":"publish","type":"page","link":"https:\/\/dev.prestigtours.com\/es\/politika-konfidentsialnosti","title":{"rendered":"pol\u00edtica de privacidad"},"content":{"rendered":"<figure class=\"wp-block-table\"><table><tbody><tr><td><\/td><\/tr><tr><td>&nbsp; <strong>&nbsp;<\/strong><strong>Legal<\/strong><strong>&nbsp;<\/strong><strong>datos<\/strong> TOURS DE PRESTIGIO. N\u00daMERO 320882657 <strong>&nbsp;<\/strong><strong>DIRECCI\u00d3N:<\/strong> Israel Lod calle Arba Anot 14 habitaci\u00f3n 21 tel. +972774209073 Fax +972774209074 M\u00f3vil +972549226633 Correo electr\u00f3nico: prestigtours@gmail.com <strong>&nbsp;<\/strong><strong>pol\u00edtica de privacidad<\/strong> Esta Pol\u00edtica de Privacidad rige c\u00f3mo PRESTIGE TOURS recopila, utiliza, mantiene y divulga informaci\u00f3n recopilada de los usuarios en los siguientes sitios web (denominados el &quot;Sitio&quot;): <a href=\"https:\/\/dev.prestigtours.com\/es\/\">https:\/\/prestigtours.com<\/a> <a href=\"https:\/\/rielt.prestigtours.com\">https:\/\/rielt.prestigtours.com<\/a> &nbsp; &nbsp;Esta Pol\u00edtica de Privacidad se aplica al Sitio, a todos los subdominios del Sitio y a todos los productos y servicios ofrecidos por el Sitio. Esta Pol\u00edtica de Privacidad se aplica espec\u00edficamente a este Sitio y a la informaci\u00f3n recopilada a trav\u00e9s de \u00e9l. No se aplica a ning\u00fan otro sitio ni a sitios web de terceros que puedan contener referencias a nuestro Sitio y desde los cuales se puedan establecer enlaces al Sitio, o enlaces desde este Sitio a otros sitios en Internet. Si el Usuario no est\u00e1 de acuerdo con esta Pol\u00edtica, deber\u00e1 abandonar inmediatamente el Sitio. <strong>&nbsp;Informaci\u00f3n recibida<\/strong> Cuando visita el Sitio, determinamos la direcci\u00f3n IP, el nombre del dominio desde el cual lleg\u00f3 a nosotros y el pa\u00eds de registro de esta IP, y tambi\u00e9n registramos todas las transiciones de los visitantes de una p\u00e1gina del Sitio a otra. La informaci\u00f3n que recibimos en el Sitio puede usarse para facilitar el uso del Sitio. El Sitio recopila \u00fanicamente informaci\u00f3n general que su navegador proporciona voluntariamente cuando visita el Sitio. El Sitio utiliza tecnolog\u00eda de cookies est\u00e1ndar para personalizar los estilos de visualizaci\u00f3n del Sitio para adaptarlos a la configuraci\u00f3n de la pantalla de su monitor. Las cookies son datos de un sitio web que se almacenan en el disco duro de su computadora. Las cookies contienen informaci\u00f3n que puede ser necesaria para configurar el Sitio, guardar su configuraci\u00f3n para las opciones de navegaci\u00f3n y recopilar informaci\u00f3n estad\u00edstica en el Sitio, es decir. qu\u00e9 p\u00e1ginas visit\u00f3, qu\u00e9 descarg\u00f3, el nombre de dominio del proveedor de Internet y el pa\u00eds del visitante, as\u00ed como las direcciones de los sitios web de terceros desde los cuales se realiz\u00f3 la transici\u00f3n al Sitio y m\u00e1s all\u00e1. Esta tecnolog\u00eda utiliza contadores instalados en el Sitio de Yandex\/Rambler\/Google, etc. La tecnolog\u00eda de cookies no contiene ninguna informaci\u00f3n personal sobre usted. Para ver material sin cookies, puede configurar su navegador para que no acepte cookies o le notifique al respecto (la configuraci\u00f3n del navegador var\u00eda, por lo que le recomendamos que obtenga ayuda en la secci\u00f3n &quot;Ayuda&quot; y descubra c\u00f3mo cambiar las cookies de su navegador. ajustes). Puede leer m\u00e1s sobre c\u00f3mo funcionan las cookies aqu\u00ed: http:\/\/ru.wikipedia.org\/wiki\/HTTP_cookie Adem\u00e1s, el Sitio utiliza capacidades de servidor web est\u00e1ndar para contar el n\u00famero de visitantes y evaluar las capacidades t\u00e9cnicas del servidor host, calificaciones y contadores de tr\u00e1fico de terceros (yandex.ru, top100.rambler.ru, top.mail.ru, etc.). Usamos esta informaci\u00f3n para determinar cu\u00e1ntas personas visitan el Sitio y organizar las p\u00e1ginas de la manera m\u00e1s f\u00e1cil de usar, para garantizar que el Sitio sea compatible con los navegadores que utiliza y para que el contenido del Sitio sea lo m\u00e1s \u00fatil posible para los visitantes. Registramos informaci\u00f3n sobre los movimientos en el Sitio, pero no sobre los visitantes individuales del Sitio, por lo que la Administraci\u00f3n del Sitio no almacenar\u00e1 ni utilizar\u00e1 ninguna informaci\u00f3n espec\u00edfica sobre usted personalmente sin su consentimiento. Tambi\u00e9n podemos recopilar informaci\u00f3n de identificaci\u00f3n personal de los Usuarios cuando un Usuario visita nuestro Sitio, se registra en el Sitio, realiza un pedido, completa formularios y en relaci\u00f3n con otras actividades en el Sitio. Es posible que se le solicite al usuario que proporcione su nombre, direcci\u00f3n de correo electr\u00f3nico, n\u00famero de tel\u00e9fono e informaci\u00f3n de la tarjeta de cr\u00e9dito seg\u00fan sea necesario. Los usuarios pueden visitar nuestro Sitio de forma an\u00f3nima. Recopilamos informaci\u00f3n de identificaci\u00f3n personal de los usuarios solo si voluntariamente nos proporcionan dicha informaci\u00f3n. Los usuarios siempre pueden negarse a proporcionar informaci\u00f3n de identificaci\u00f3n personal, excepto que esto les impida utilizar ciertas funciones del Sitio. &nbsp; <strong>&nbsp;<\/strong> <strong>C\u00f3mo utilizamos la informaci\u00f3n que recopilamos<\/strong><br><br>PRESTIGE TOURS podr\u00e1 recopilar y utilizar informaci\u00f3n personal de los usuarios para los siguientes fines:<br>\u2013 Mejorar el servicio al cliente. La informaci\u00f3n que usted proporciona nos ayuda a responder a las solicitudes de los clientes de manera m\u00e1s efectiva.<br>\u2013 Personalizar la experiencia del usuario. Podemos utilizar la informaci\u00f3n para determinar qu\u00e9 visitantes del Sitio est\u00e1n m\u00e1s interesados en los servicios y recursos proporcionados en nuestro Sitio.<br>\u2013 Para mejorar nuestro Sitio. Podemos utilizar los comentarios que nos proporcione para mejorar nuestros productos y servicios.<br>\u2013 Para procesar pagos. Podemos utilizar la informaci\u00f3n del usuario al realizar un pedido para procesar pagos y solo para ese prop\u00f3sito. No compartimos esta informaci\u00f3n con terceros excepto cuando sea necesario para proporcionar servicios.<br>\u2013- Para enviar a los usuarios informaci\u00f3n que han aceptado recibir sobre temas que creemos que ser\u00e1n de su inter\u00e9s.<br>\u2013 Para enviar correos electr\u00f3nicos peri\u00f3dicos, que pueden incluir noticias de la empresa, actualizaciones, informaci\u00f3n de productos y servicios, etc. Si el Usuario desea cancelar su suscripci\u00f3n para no recibir futuros correos electr\u00f3nicos, incluimos instrucciones detalladas sobre c\u00f3mo cancelar la suscripci\u00f3n en la parte inferior de cada correo electr\u00f3nico o el Usuario puede comunicarse con nosotros a trav\u00e9s de nuestro Sitio. <strong>Datos personales del usuario<\/strong> Al ingresar datos personales en los formularios de comentarios en el Sitio, al hacer clic en el bot\u00f3n &quot;Enviar&quot;, el Usuario decide proporcionar sus datos personales y consiente su procesamiento por su propia voluntad y en su propio inter\u00e9s, y dicho consentimiento del Usuario es espec\u00edfico. y consciente. La Administraci\u00f3n del Sitio no verifica la exactitud de la informaci\u00f3n personal proporcionada por los Usuarios y no verifica su capacidad jur\u00eddica. Al mismo tiempo, la Administraci\u00f3n del Sitio asume que la informaci\u00f3n que le transmiten los usuarios es confiable. El usuario es responsable de facilitar datos personales de un tercero. La administraci\u00f3n del sitio puede utilizar los datos personales ingresados por el Usuario al completar el formulario de comentarios para preparar y enviar una oferta, completar una transacci\u00f3n, realizar un servicio o mejorar la calidad de los servicios. La informaci\u00f3n personal del Usuario permanece confidencial. Bajo ninguna circunstancia la Administraci\u00f3n del Sitio transfiere la informaci\u00f3n personal del Usuario a terceros, salvo en los casos expresamente previstos por la legislaci\u00f3n vigente del Estado de Israel. El Usuario acepta que la Administraci\u00f3n del Sitio tiene derecho a utilizar los datos personales del Usuario para realizar env\u00edos electr\u00f3nicos de noticias o publicidad, incluso a trav\u00e9s de correos electr\u00f3nicos y mensajes SMS. <strong>Tratamiento de los datos personales de los Usuarios<\/strong> La aceptaci\u00f3n de los t\u00e9rminos de esta Pol\u00edtica con respecto a las disposiciones sobre el procesamiento de datos personales se realiza cuando el Usuario coloca la marca correspondiente al completar cualquier formulario de comentarios y es el consentimiento informado expreso del Usuario para el procesamiento de datos personales. El Usuario acepta que la Administraci\u00f3n del Sitio tiene derecho a almacenar y procesar, incluso de forma automatizada, cualquier informaci\u00f3n relacionada con datos personales, incluida la recopilaci\u00f3n, sistematizaci\u00f3n, acumulaci\u00f3n, almacenamiento, aclaraci\u00f3n, uso, distribuci\u00f3n (incluida la transferencia), despersonalizaci\u00f3n, bloqueo, destrucci\u00f3n de datos personales proporcionados por el Usuario al completar el formulario de comentarios en el Sitio. El Usuario puede retirar su consentimiento para el procesamiento de datos personales en cualquier momento escribiendo a la Administraci\u00f3n del Sitio. Si el Usuario retira su consentimiento para el procesamiento de datos personales, la Administraci\u00f3n del Sitio elimina los datos personales del Usuario y no tiene derecho a utilizarlos en el futuro. &nbsp; <strong>C\u00f3mo protegemos su informaci\u00f3n<\/strong> La Administraci\u00f3n del Sitio garantiza la confidencialidad y seguridad en el procesamiento de datos personales. Tomamos medidas de seguridad adecuadas para recopilar, almacenar y procesar cualquier dato recopilado para protegerlo del acceso no autorizado, modificaci\u00f3n, divulgaci\u00f3n o destrucci\u00f3n de su informaci\u00f3n personal (nombre de usuario, contrase\u00f1a, informaci\u00f3n de transacciones y datos almacenados en nuestro Sitio). <strong>Compartir informaci\u00f3n personal<\/strong><br>No vendemos, intercambiamos ni alquilamos la informaci\u00f3n personal de los usuarios. Podemos compartir informaci\u00f3n demogr\u00e1fica agregada gen\u00e9rica, no vinculada a informaci\u00f3n personal, con nuestros socios y anunciantes para los fines descritos anteriormente. Podemos utilizar proveedores de servicios externos para ayudarnos a operar nuestro negocio y el Sitio o administrar actividades en nuestro nombre, como realizar boletines informativos o realizar investigaciones estad\u00edsticas y de otro tipo. Podemos compartir esta informaci\u00f3n con estos terceros para fines limitados siempre que nos haya otorgado los permisos adecuados. <strong>Cambios en la pol\u00edtica de privacidad.<\/strong> PRESTIGE TOURS tiene la discreci\u00f3n de actualizar esta Pol\u00edtica de Privacidad en cualquier momento. En este caso, publicaremos un aviso en la p\u00e1gina de inicio de nuestro Sitio. Alentamos a los Usuarios a consultar esta p\u00e1gina con frecuencia para mantenerse informados sobre cualquier cambio en la forma en que protegemos la informaci\u00f3n personal que recopilamos. Al utilizar el Sitio, usted acepta la responsabilidad de revisar peri\u00f3dicamente la Pol\u00edtica de Privacidad y sus cambios. <strong>Su aceptaci\u00f3n de estos t\u00e9rminos<\/strong> Al utilizar este Sitio, usted expresa su consentimiento espec\u00edfico e informado a esta Pol\u00edtica. Si no est\u00e1 de acuerdo con esta Pol\u00edtica, no utilice nuestro Sitio. Su uso continuado del Sitio despu\u00e9s de la publicaci\u00f3n de cambios a esta pol\u00edtica se considerar\u00e1 su aceptaci\u00f3n de dichos cambios. <strong>Descargo de responsabilidad<\/strong> <strong>Recuerde que la Pol\u00edtica de Privacidad al visitar Sitios de terceros no est\u00e1 cubierta por este documento. La Administraci\u00f3n del Sitio no es responsable de las acciones de otros sitios web.<\/strong> <strong>C\u00f3mo contactarnos<\/strong><br><br>Si tiene alguna pregunta sobre la Pol\u00edtica de Privacidad, el uso del Sitio u otros problemas relacionados con el Sitio, escr\u00edbanos a: prestigtours@gmail.com<\/td><\/tr><\/tbody><\/table><\/figure>\n\n\n\n<p><br><br><br><\/p>","protected":false},"excerpt":{"rendered":"<p>&nbsp; &nbsp;Informaci\u00f3n legal PRESTIGE TOURS. N\u00daMERO 320882657 Direcci\u00f3n: Israel, Lod, Arba Anot 14, habitaci\u00f3n 21 Tel. +972774209073 Fax +972774209074 M\u00f3vil<\/p>","protected":false},"author":1,"featured_media":0,"parent":0,"menu_order":0,"comment_status":"closed","ping_status":"closed","template":"","meta":{"footnotes":""},"class_list":["post-67910","page","type-page","status-publish","hentry"],"_links":{"self":[{"href":"https:\/\/dev.prestigtours.com\/es\/wp-json\/wp\/v2\/pages\/67910"}],"collection":[{"href":"https:\/\/dev.prestigtours.com\/es\/wp-json\/wp\/v2\/pages"}],"about":[{"href":"https:\/\/dev.prestigtours.com\/es\/wp-json\/wp\/v2\/types\/page"}],"author":[{"embeddable":true,"href":"https:\/\/dev.prestigtours.com\/es\/wp-json\/wp\/v2\/users\/1"}],"replies":[{"embeddable":true,"href":"https:\/\/dev.prestigtours.com\/es\/wp-json\/wp\/v2\/comments?post=67910"}],"version-history":[{"count":0,"href":"https:\/\/dev.prestigtours.com\/es\/wp-json\/wp\/v2\/pages\/67910\/revisions"}],"wp:attachment":[{"href":"https:\/\/dev.prestigtours.com\/es\/wp-json\/wp\/v2\/media?parent=67910"}],"curies":[{"name":"wp","href":"https:\/\/api.w.org\/{rel}","templated":true}]}}