{"id":82042,"date":"2024-08-30T17:39:31","date_gmt":"2024-08-30T14:39:31","guid":{"rendered":"https:\/\/dev.prestigtours.com\/?page_id=82042"},"modified":"2024-09-19T10:24:24","modified_gmt":"2024-09-19T07:24:24","slug":"ekskursii-i-meropriyatiya","status":"publish","type":"page","link":"https:\/\/dev.prestigtours.com\/es\/ekskursii-i-meropriyatiya","title":{"rendered":"Excursiones y actividades."},"content":{"rendered":"<div data-elementor-type=\"wp-page\" data-elementor-id=\"82042\" class=\"elementor elementor-82042\">\n\t\t\t\t\t\t<section class=\"wd-negative-gap elementor-section elementor-top-section elementor-element elementor-element-47a43af7 wd-section-stretch elementor-section-height-min-height elementor-section-full_width elementor-section-height-default elementor-section-items-middle\" data-id=\"47a43af7\" data-element_type=\"section\" data-settings=\"{&quot;background_background&quot;:&quot;slideshow&quot;,&quot;background_slideshow_gallery&quot;:[{&quot;id&quot;:86399,&quot;url&quot;:&quot;http:\\\/\\\/dev.prestigtours.com\\\/wp-content\\\/uploads\\\/2024\\\/09\\\/safari-v-afrike.webp&quot;},{&quot;id&quot;:86400,&quot;url&quot;:&quot;http:\\\/\\\/dev.prestigtours.com\\\/wp-content\\\/uploads\\\/2024\\\/09\\\/plavuchie-rynki-tailanda.webp&quot;},{&quot;id&quot;:86401,&quot;url&quot;:&quot;http:\\\/\\\/dev.prestigtours.com\\\/wp-content\\\/uploads\\\/2024\\\/09\\\/podvodnaya-ekskursiya-s-akvalangom.webp&quot;},{&quot;id&quot;:86402,&quot;url&quot;:&quot;http:\\\/\\\/dev.prestigtours.com\\\/wp-content\\\/uploads\\\/2024\\\/09\\\/petra-iordaniya.webp&quot;},{&quot;id&quot;:86403,&quot;url&quot;:&quot;http:\\\/\\\/dev.prestigtours.com\\\/wp-content\\\/uploads\\\/2024\\\/09\\\/angkor-vat-kambodzha.webp&quot;}],&quot;background_slideshow_ken_burns&quot;:&quot;yes&quot;,&quot;background_slideshow_loop&quot;:&quot;yes&quot;,&quot;background_slideshow_slide_duration&quot;:5000,&quot;background_slideshow_slide_transition&quot;:&quot;fade&quot;,&quot;background_slideshow_transition_duration&quot;:500,&quot;background_slideshow_ken_burns_zoom_direction&quot;:&quot;in&quot;}\">\n\t\t\t\t\t\t\t<div class=\"elementor-background-overlay\"><\/div>\n\t\t\t\t\t\t\t<div class=\"elementor-container elementor-column-gap-no\">\n\t\t\t\t\t<div class=\"elementor-column elementor-col-100 elementor-top-column elementor-element elementor-element-16006437\" data-id=\"16006437\" data-element_type=\"column\">\n\t\t\t<div class=\"elementor-widget-wrap elementor-element-populated\">\n\t\t\t\t\t\t<div class=\"elementor-element elementor-element-174772dc elementor-widget elementor-widget-wd_text_block\" data-id=\"174772dc\" data-element_type=\"widget\" data-widget_type=\"wd_text_block.default\">\n\t\t\t\t<div class=\"elementor-widget-container\">\n\t\t\t\t\t\t<link rel=\"stylesheet\" id=\"wd-text-block-css\" href=\"https:\/\/dev.prestigtours.com\/wp-content\/themes\/woodmart\/css\/parts\/el-text-block.min.css?ver=7.6.0\" type=\"text\/css\" media=\"all\" \/> \t\t\t\t\t<div class=\"wd-text-block reset-last-child text-center color-title color-scheme-light\">\n\t\t\t\n\t\t\t<p>\u00a1Tu gu\u00eda a un mundo de experiencias inolvidables!<\/p>\n\t\t\t\t\t<\/div>\n\t\t\t\t<\/div>\n\t\t\t\t<\/div>\n\t\t\t\t<div class=\"elementor-element elementor-element-4d172e7c wd-width-100 elementor-widget elementor-widget-wd_title\" data-id=\"4d172e7c\" data-element_type=\"widget\" data-widget_type=\"wd_title.default\">\n\t\t\t\t<div class=\"elementor-widget-container\">\n\t\t\t\t\t\t<link rel=\"stylesheet\" id=\"wd-section-title-css\" href=\"https:\/\/dev.prestigtours.com\/wp-content\/themes\/woodmart\/css\/parts\/el-section-title.min.css?ver=7.6.0\" type=\"text\/css\" media=\"all\" \/> \t\t\t\t\t<div class=\"title-wrapper set-mb-s reset-last-child wd-title-color-white wd-title-style-default wd-title-size-default text-center\">\n\n\t\t\t\n\t\t\t<div class=\"liner-continer\">\n\t\t\t\t<h1 class=\"woodmart-title-container title wd-fontsize-l\">Excursiones por todo el mundo: \u00a1Descubre cosas nuevas con Prestige Tours!<\/h1> \n\t\t\t\t\t\t\t<\/div>\n\n\t\t\t\t\t<\/div>\n\t\t\t\t<\/div>\n\t\t\t\t<\/div>\n\t\t\t\t<div class=\"elementor-element elementor-element-71c04182 elementor-widget elementor-widget-wd_text_block\" data-id=\"71c04182\" data-element_type=\"widget\" data-widget_type=\"wd_text_block.default\">\n\t\t\t\t<div class=\"elementor-widget-container\">\n\t\t\t\t\t<div class=\"wd-text-block reset-last-child text-center color-scheme-light\">\n\t\t\t\n\t\t\t<p>\u00bfBuscas las mejores excursiones a los lugares m\u00e1s interesantes del mundo? Aqu\u00ed encontrar\u00e1 excursiones para todos los gustos, desde visitas tur\u00edsticas a ciudades hist\u00f3ricas hasta emocionantes aventuras en la naturaleza. \u00a1Elige excursiones con nosotros y abre nuevos horizontes! Reserve un recorrido hoy y emprenda un viaje inolvidable lleno de v\u00edvidas impresiones y nuevos descubrimientos.<\/p>\n\t\t\t\t\t<\/div>\n\t\t\t\t<\/div>\n\t\t\t\t<\/div>\n\t\t\t\t\t<\/div>\n\t\t<\/div>\n\t\t\t\t\t<\/div>\n\t\t<\/section>\n\t\t\t\t<section class=\"wd-negative-gap elementor-section elementor-top-section elementor-element elementor-element-636f3c05 elementor-section-content-middle wd-section-stretch elementor-section-boxed elementor-section-height-default elementor-section-height-default\" data-id=\"636f3c05\" data-element_type=\"section\" data-settings=\"{&quot;background_background&quot;:&quot;classic&quot;}\">\n\t\t\t\t\t\t<div class=\"elementor-container elementor-column-gap-wide\">\n\t\t\t\t\t<div class=\"elementor-column elementor-col-100 elementor-top-column elementor-element elementor-element-56c3f6b9\" data-id=\"56c3f6b9\" data-element_type=\"column\">\n\t\t\t<div class=\"elementor-widget-wrap elementor-element-populated\">\n\t\t\t\t\t\t\t<link rel=\"stylesheet\" id=\"wd-animations-css\" href=\"https:\/\/dev.prestigtours.com\/wp-content\/themes\/woodmart\/css\/parts\/mod-animations-transform.min.css?ver=7.6.0\" type=\"text\/css\" media=\"all\" \/> \t\t\t\t\t<div class=\"elementor-element elementor-element-520853a4 wd-animation-slide-from-bottom wd-width-100 wd-animation-normal elementor-widget elementor-widget-wd_title\" data-id=\"520853a4\" data-element_type=\"widget\" data-widget_type=\"wd_title.default\">\n\t\t\t\t<div class=\"elementor-widget-container\">\n\t\t\t\t\t\t<link rel=\"stylesheet\" id=\"wd-section-title-style-simple-and-brd-css\" href=\"https:\/\/dev.prestigtours.com\/wp-content\/themes\/woodmart\/css\/parts\/el-section-title-style-simple-and-brd.min.css?ver=7.6.0\" type=\"text\/css\" media=\"all\" \/> \t\t\t\t\t<div class=\"title-wrapper set-mb-s reset-last-child wd-title-color-default wd-title-style-bordered wd-title-size-default text-left\">\n\n\t\t\t\n\t\t\t<div class=\"liner-continer\">\n\t\t\t\t<h2 class=\"woodmart-title-container title wd-fontsize-l\">Excursiones inolvidables por todo el mundo: \u00a1Descubre nuevos horizontes con nosotros!<\/h2> \n\t\t\t\t\t\t\t<\/div>\n\n\t\t\t\t\t<\/div>\n\t\t\t\t<\/div>\n\t\t\t\t<\/div>\n\t\t\t\t<div class=\"elementor-element elementor-element-5f216644 wd-animation-slide-from-bottom wd-animation-normal elementor-widget elementor-widget-wd_text_block\" data-id=\"5f216644\" data-element_type=\"widget\" data-widget_type=\"wd_text_block.default\">\n\t\t\t\t<div class=\"elementor-widget-container\">\n\t\t\t\t\t<div class=\"wd-text-block reset-last-child text-left\">\n\t\t\t\n\t\t\t<p>\u00bfEst\u00e1s buscando las mejores excursiones que te brinden una experiencia \u00fanica y te permitan profundizar en la cultura y naturaleza de diferentes partes del mundo? Ofrecemos excursiones por todo el mundo adecuadas para todo tipo de viajeros, desde amantes de la historia hasta fan\u00e1ticos de las actividades al aire libre y las aventuras ex\u00f3ticas. Reserve un recorrido con nosotros y emprenda un viaje inolvidable lleno de v\u00edvidas impresiones y descubrimientos.<\/p><h4>Por qu\u00e9 deber\u00edas elegir excursiones por el mundo con nosotros:<\/h4><ol><li><p><strong>Amplia gama de destinos:<\/strong><\/p><ul><li>Recorridos hist\u00f3ricos por ciudades antiguas como Roma, Atenas y Jerusal\u00e9n.<\/li><li>Tours por la naturaleza que incluyen safaris africanos y viajes a parques nacionales.<\/li><li>Destinos ex\u00f3ticos como Machu Picchu, Anchor Wat y Petra en Jordania.<\/li><\/ul><\/li><li><p><strong>Experiencias \u00fanicas:<\/strong><\/p><ul><li>Excursiones submarinas con buceo en arrecifes de coral.<\/li><li>Vuelos en globo aerost\u00e1tico sobre paisajes pintorescos.<\/li><li>Cruceros por r\u00edos y mares visitando lugares \u00fanicos.<\/li><\/ul><\/li><li><p><strong>Comodidad y confort:<\/strong><\/p><ul><li>Excursiones en ruso e ingl\u00e9s con gu\u00edas profesionales.<\/li><li>Posibilidad de realizar recorridos individuales con gu\u00edas personales.<\/li><li>Reserva online sencilla y atenci\u00f3n al cliente 24 horas al d\u00eda, 7 d\u00edas a la semana.<\/li><\/ul><\/li><\/ol><h4>Ejemplos de excursiones populares alrededor del mundo:<\/h4><table><thead><tr><th>Excursi\u00f3n<\/th><th>Lugar<\/th><th>Duraci\u00f3n<\/th><th>Precio desde<\/th><\/tr><\/thead><tbody><tr><td>Machu Picchu<\/td><td>Per\u00fa<\/td><td>1 dia<\/td><td>$200<\/td><\/tr><tr><td>Safari en Masai Mara<\/td><td>Kenia<\/td><td>3 dias<\/td><td>$500<\/td><\/tr><tr><td>Buceo en las Maldivas<\/td><td>Maldivas<\/td><td>2 horas<\/td><td>$150<\/td><\/tr><tr><td>Angkor Wat<\/td><td>Camboya<\/td><td>1 dia<\/td><td>$120<\/td><\/tr><tr><td>petra<\/td><td>Jord\u00e1n<\/td><td>1 dia<\/td><td>$100<\/td><\/tr><\/tbody><\/table><h4>C\u00f3mo reservar excursiones por el mundo:<\/h4><ol><li><strong>Selecciona la direcci\u00f3n y tipo de excursi\u00f3n que te interese.<\/strong><\/li><li><strong>Consulta la descripci\u00f3n detallada, horarios y precios.<\/strong><\/li><li><strong>Complete el formulario de reserva y reciba un correo electr\u00f3nico de confirmaci\u00f3n.<\/strong><\/li><li><strong>Prep\u00e1rese para su viaje: \u00a1nosotros nos encargaremos de todos los asuntos organizativos!<\/strong><\/li><\/ol><p>Viaja c\u00f3modamente y descubre nuevos lugares con nuestras excursiones por el mundo. \u00a1D\u00e9jenos la molestia de la organizaci\u00f3n y disfrute de los momentos brillantes de sus vacaciones!<\/p>\n\t\t\t\t\t<\/div>\n\t\t\t\t<\/div>\n\t\t\t\t<\/div>\n\t\t\t\t\t<\/div>\n\t\t<\/div>\n\t\t\t\t\t<\/div>\n\t\t<\/section>\n\t\t\t\t<section class=\"wd-negative-gap elementor-section elementor-top-section elementor-element elementor-element-4ab8a81e elementor-section-content-middle wd-section-stretch elementor-section-boxed elementor-section-height-default elementor-section-height-default\" data-id=\"4ab8a81e\" data-element_type=\"section\" data-settings=\"{&quot;background_background&quot;:&quot;gradient&quot;,&quot;shape_divider_top&quot;:&quot;wd_curved_line&quot;,&quot;shape_divider_bottom&quot;:&quot;wd_curved_line&quot;}\">\n\t\t\t\t\t<div class=\"elementor-shape elementor-shape-top\" data-negative=\"false\">\n\t\t\t<svg xmlns=\"http:\/\/www.w3.org\/2000\/svg\" class=\"wd-divider\" xmlns:xlink=\"http:\/\/www.w3.org\/1999\/xlink\" x=\"0px\" y=\"0px\"\n\t viewbox=\"0 0 100 100\" width=\"100%\" height=\"50px\" preserveaspectratio=\"none\">\n<path class=\"elementor-shape-fill\" display=\"none\" d=\"M100,25.8V100H0V52.5c-4.9-6.8-9.5-13.8-15-19.7V101h125V20.9C106.3,22,103,23.7,100,25.8z\"\/>\n<path class=\"elementor-shape-fill\" d=\"M0,0v99c22-20.6,28.7-69.7,61.4-69.7c18.8,0,29.1,16.2,38.6,34V0L0,0z\"\/>\n<\/svg>\n\t\t<\/div>\n\t\t\t\t<div class=\"elementor-shape elementor-shape-bottom\" data-negative=\"false\">\n\t\t\t<svg xmlns=\"http:\/\/www.w3.org\/2000\/svg\" class=\"wd-divider\" xmlns:xlink=\"http:\/\/www.w3.org\/1999\/xlink\" x=\"0px\" y=\"0px\"\n\t viewbox=\"0 0 100 100\" width=\"100%\" height=\"50px\" preserveaspectratio=\"none\">\n<path class=\"elementor-shape-fill\" display=\"none\" d=\"M100,25.8V100H0V52.5c-4.9-6.8-9.5-13.8-15-19.7V101h125V20.9C106.3,22,103,23.7,100,25.8z\"\/>\n<path class=\"elementor-shape-fill\" d=\"M0,0v99c22-20.6,28.7-69.7,61.4-69.7c18.8,0,29.1,16.2,38.6,34V0L0,0z\"\/>\n<\/svg>\n\t\t<\/div>\n\t\t\t\t\t<div class=\"elementor-container elementor-column-gap-wide\">\n\t\t\t\t\t<div class=\"elementor-column elementor-col-100 elementor-top-column elementor-element elementor-element-5ddd11b7\" data-id=\"5ddd11b7\" data-element_type=\"column\">\n\t\t\t<div class=\"elementor-widget-wrap elementor-element-populated\">\n\t\t\t\t\t\t<div class=\"elementor-element elementor-element-798d8dd wd-animation-slide-from-bottom wd-width-100 wd-animation-normal elementor-widget elementor-widget-wd_title\" data-id=\"798d8dd\" data-element_type=\"widget\" data-widget_type=\"wd_title.default\">\n\t\t\t\t<div class=\"elementor-widget-container\">\n\t\t\t\t\t<div class=\"title-wrapper set-mb-s reset-last-child wd-title-color-white wd-title-style-bordered wd-title-size-default text-left\">\n\n\t\t\t\n\t\t\t<div class=\"liner-continer\">\n\t\t\t\t<h2 class=\"woodmart-title-container title wd-fontsize-l\">Elige una excursi\u00f3n<\/h2> \n\t\t\t\t\t\t\t<\/div>\n\n\t\t\t\t\t<\/div>\n\t\t\t\t<\/div>\n\t\t\t\t<\/div>\n\t\t\t\t<div class=\"elementor-element elementor-element-ca495a1 elementor-widget elementor-widget-html\" data-id=\"ca495a1\" data-element_type=\"widget\" data-widget_type=\"html.default\">\n\t\t\t\t<div class=\"elementor-widget-container\">\n\t\t\t<div data-gyg-href=\"https:\/\/widget.getyourguide.com\/default\/activities.frame\" data-gyg-locale-code=\"ru-RU\" data-gyg-widget=\"activities\" data-gyg-number-of-items=\"21\" data-gyg-partner-id=\"LGEI95S\"><span>Desarrollado por <a target=\"_blank\" rel=\"sponsored noopener\" href=\"https:\/\/www.getyourguide.com\/\">Consigue tu gu\u00eda<\/a><\/span><\/div>\t\t<\/div>\n\t\t\t\t<\/div>\n\t\t\t\t\t<\/div>\n\t\t<\/div>\n\t\t\t\t\t<\/div>\n\t\t<\/section>\n\t\t\t\t<section class=\"wd-negative-gap elementor-section elementor-top-section elementor-element elementor-element-2ab90e85 wd-section-stretch_row_content elementor-section-content-middle elementor-section-boxed elementor-section-height-default elementor-section-height-default\" data-id=\"2ab90e85\" data-element_type=\"section\">\n\t\t\t\t\t\t<div class=\"elementor-container elementor-column-gap-default\">\n\t\t\t\t\t<div class=\"elementor-column elementor-col-50 elementor-top-column elementor-element elementor-element-3eb67d71\" data-id=\"3eb67d71\" data-element_type=\"column\" data-settings=\"{&quot;background_background&quot;:&quot;classic&quot;}\">\n\t\t\t<div class=\"elementor-widget-wrap elementor-element-populated\">\n\t\t\t\t\t\t<div class=\"elementor-element elementor-element-a54990b wd-parallax-on-scroll wd_scroll_x_0 wd_scroll_y_-30 wd_scroll_z_0 wd_scroll_smoothness_30 elementor-widget elementor-widget-wd_image_or_svg\" data-id=\"a54990b\" data-element_type=\"widget\" data-widget_type=\"wd_image_or_svg.default\">\n\t\t\t\t<div class=\"elementor-widget-container\">\n\t\t\t\n\t\t<div class=\"wd-image text-right\">\n\t\t\t\t\t\t\t\t<img fetchpriority=\"high\" decoding=\"async\" width=\"768\" height=\"439\" src=\"https:\/\/dev.prestigtours.com\/wp-content\/uploads\/2024\/08\/aviabilety-transfery-i-strahovki-768x439.webp\" class=\"attachment-medium_large size-medium_large\" alt=\"Pasajes a\u00e9reos, traslados y seguros.\" srcset=\"https:\/\/dev.prestigtours.com\/wp-content\/uploads\/2024\/08\/aviabilety-transfery-i-strahovki-768x439.webp 768w, https:\/\/dev.prestigtours.com\/wp-content\/uploads\/2024\/08\/aviabilety-transfery-i-strahovki-300x171.webp 300w, https:\/\/dev.prestigtours.com\/wp-content\/uploads\/2024\/08\/aviabilety-transfery-i-strahovki-1024x585.webp 1024w, https:\/\/dev.prestigtours.com\/wp-content\/uploads\/2024\/08\/aviabilety-transfery-i-strahovki-1536x878.webp 1536w, https:\/\/dev.prestigtours.com\/wp-content\/uploads\/2024\/08\/aviabilety-transfery-i-strahovki.webp 1792w\" sizes=\"(max-width: 768px) 100vw, 768px\" \/>\t\t\t\t\t<\/div>\n\n\t\t\t\t<\/div>\n\t\t\t\t<\/div>\n\t\t\t\t\t<\/div>\n\t\t<\/div>\n\t\t\t\t<div class=\"elementor-column elementor-col-50 elementor-top-column elementor-element elementor-element-1c2cd330\" data-id=\"1c2cd330\" data-element_type=\"column\">\n\t\t\t<div class=\"elementor-widget-wrap elementor-element-populated\">\n\t\t\t\t\t\t<div class=\"elementor-element elementor-element-180677d3 wd_scroll_y_20 wd-parallax-on-scroll wd-width-100 wd_scroll_smoothness_30 elementor-widget elementor-widget-wd_title\" data-id=\"180677d3\" data-element_type=\"widget\" data-widget_type=\"wd_title.default\">\n\t\t\t\t<div class=\"elementor-widget-container\">\n\t\t\t\t\t<div class=\"title-wrapper set-mb-s reset-last-child wd-title-color-default wd-title-style-default wd-title-size-default text-left\">\n\n\t\t\t\n\t\t\t<div class=\"liner-continer\">\n\t\t\t\t<h2 class=\"woodmart-title-container title wd-fontsize-l\">Reserva ahora <i><strong>Pasajes a\u00e9reos, traslados y seguros.<\/strong><\/i> sin problemas<\/h2> \n\t\t\t\t\t\t\t<\/div>\n\n\t\t\t\t\t<\/div>\n\t\t\t\t<\/div>\n\t\t\t\t<\/div>\n\t\t\t\t<div class=\"elementor-element elementor-element-113531c4 wd-parallax-on-scroll wd_scroll_y_20 wd_scroll_smoothness_30 elementor-widget elementor-widget-wd_text_block\" data-id=\"113531c4\" data-element_type=\"widget\" data-widget_type=\"wd_text_block.default\">\n\t\t\t\t<div class=\"elementor-widget-container\">\n\t\t\t\t\t<div class=\"wd-text-block reset-last-child text-left\">\n\t\t\t\n\t\t\t<p>Organice todos los aspectos de su viaje con antelaci\u00f3n. Ofrecemos un conveniente servicio para reservar boletos a\u00e9reos con las mejores tarifas, brindamos traslados desde y hacia el hotel y tambi\u00e9n brindamos diversas opciones de seguros para su seguridad. Aproveche nuestros servicios para garantizar que su viaje sea c\u00f3modo y seguro en cada etapa.<\/p>\n\t\t\t\t\t<\/div>\n\t\t\t\t<\/div>\n\t\t\t\t<\/div>\n\t\t\t\t<div class=\"elementor-element elementor-element-1f03b74a elementor-widget__width-auto wd_scroll_y_20 wd-parallax-on-scroll wd_scroll_smoothness_30 elementor-widget elementor-widget-wd_button\" data-id=\"1f03b74a\" data-element_type=\"widget\" data-widget_type=\"wd_button.default\">\n\t\t\t\t<div class=\"elementor-widget-container\">\n\t\t\t\t\t<div class=\"wd-button-wrapper text-center\" >\n\t\t\t<a class=\"btn btn-style-default btn-style-semi-round btn-size-default btn-color-primary btn-icon-pos-right\"  href=\"https:\/\/dev.prestigtours.com\/es\/transfery\/\">\n\t\t\t\t<span class=\"wd-btn-text\" data-elementor-setting-key=\"text\">\n\t\t\t\t\tReserva ahora\t\t\t\t<\/span>\n\n\t\t\t\t\t\t\t<\/a>\n\t\t<\/div>\n\t\t\t\t<\/div>\n\t\t\t\t<\/div>\n\t\t\t\t<div class=\"elementor-element elementor-element-4f911908 elementor-widget__width-auto wd_scroll_y_20 wd-parallax-on-scroll wd_scroll_smoothness_30 elementor-widget elementor-widget-wd_button\" data-id=\"4f911908\" data-element_type=\"widget\" data-widget_type=\"wd_button.default\">\n\t\t\t\t<div class=\"elementor-widget-container\">\n\t\t\t\t\t<div class=\"wd-button-wrapper text-center\" >\n\t\t\t<a class=\"btn btn-style-bordered btn-style-semi-round btn-size-default btn-color-default btn-icon-pos-right\"  href=\"https:\/\/dev.prestigtours.com\/es\/strahovanie-puteshestvij\/\">\n\t\t\t\t<span class=\"wd-btn-text\" data-elementor-setting-key=\"text\">\n\t\t\t\t\tSeguro de pedido\t\t\t\t<\/span>\n\n\t\t\t\t\t\t\t<\/a>\n\t\t<\/div>\n\t\t\t\t<\/div>\n\t\t\t\t<\/div>\n\t\t\t\t\t<\/div>\n\t\t<\/div>\n\t\t\t\t\t<\/div>\n\t\t<\/section>\n\t\t\t\t<section class=\"wd-negative-gap elementor-section elementor-top-section elementor-element elementor-element-61802451 wd-section-stretch_row_content elementor-section-content-middle elementor-reverse-tablet elementor-reverse-mobile elementor-section-boxed elementor-section-height-default elementor-section-height-default\" data-id=\"61802451\" data-element_type=\"section\">\n\t\t\t\t\t\t<div class=\"elementor-container elementor-column-gap-default\">\n\t\t\t\t\t<div class=\"elementor-column elementor-col-50 elementor-top-column elementor-element elementor-element-47755158\" data-id=\"47755158\" data-element_type=\"column\">\n\t\t\t<div class=\"elementor-widget-wrap elementor-element-populated\">\n\t\t\t\t\t\t<div class=\"elementor-element elementor-element-46e6b324 wd_scroll_y_20 wd-parallax-on-scroll wd-width-100 wd_scroll_smoothness_30 elementor-widget elementor-widget-wd_title\" data-id=\"46e6b324\" data-element_type=\"widget\" data-widget_type=\"wd_title.default\">\n\t\t\t\t<div class=\"elementor-widget-container\">\n\t\t\t\t\t<div class=\"title-wrapper set-mb-s reset-last-child wd-title-color-default wd-title-style-default wd-title-size-default text-right\">\n\n\t\t\t\n\t\t\t<div class=\"liner-continer\">\n\t\t\t\t<h2 class=\"woodmart-title-container title wd-fontsize-l\">Descubre inolvidable <i><strong>excursiones y actividades<\/strong><\/i><\/h2> \n\t\t\t\t\t\t\t<\/div>\n\n\t\t\t\t\t<\/div>\n\t\t\t\t<\/div>\n\t\t\t\t<\/div>\n\t\t\t\t<div class=\"elementor-element elementor-element-cf262ae wd-parallax-on-scroll wd_scroll_y_20 wd_scroll_smoothness_30 elementor-widget elementor-widget-wd_text_block\" data-id=\"cf262ae\" data-element_type=\"widget\" data-widget_type=\"wd_text_block.default\">\n\t\t\t\t<div class=\"elementor-widget-container\">\n\t\t\t\t\t<div class=\"wd-text-block reset-last-child text-right\">\n\t\t\t\n\t\t\t<p>Haz que tu viaje a Italia sea realmente especial. Elija entre una variedad de excursiones que le permitir\u00e1n sumergirse en las atracciones locales, eventos culturales y tradiciones locales \u00fanicas. Desde recorridos hist\u00f3ricos hasta eventos modernos, con nosotros ver\u00e1 un nuevo lado de Italia.<\/p>\n\t\t\t\t\t<\/div>\n\t\t\t\t<\/div>\n\t\t\t\t<\/div>\n\t\t\t\t<div class=\"elementor-element elementor-element-3229f4d9 elementor-widget__width-auto wd_scroll_y_20 wd-parallax-on-scroll wd_scroll_smoothness_30 elementor-widget elementor-widget-wd_button\" data-id=\"3229f4d9\" data-element_type=\"widget\" data-widget_type=\"wd_button.default\">\n\t\t\t\t<div class=\"elementor-widget-container\">\n\t\t\t\t\t<div class=\"wd-button-wrapper text-center\" >\n\t\t\t<a class=\"btn btn-style-default btn-style-semi-round btn-size-default btn-color-primary btn-icon-pos-right\"  href=\"https:\/\/dev.prestigtours.com\/es\/ekskursii-i-meropriyatiya\/\">\n\t\t\t\t<span class=\"wd-btn-text\" data-elementor-setting-key=\"text\">\n\t\t\t\t\tVer excursiones\t\t\t\t<\/span>\n\n\t\t\t\t\t\t\t<\/a>\n\t\t<\/div>\n\t\t\t\t<\/div>\n\t\t\t\t<\/div>\n\t\t\t\t\t<\/div>\n\t\t<\/div>\n\t\t\t\t<div class=\"elementor-column elementor-col-50 elementor-top-column elementor-element elementor-element-2c4208ce\" data-id=\"2c4208ce\" data-element_type=\"column\" data-settings=\"{&quot;background_background&quot;:&quot;classic&quot;}\">\n\t\t\t<div class=\"elementor-widget-wrap elementor-element-populated\">\n\t\t\t\t\t\t<div class=\"elementor-element elementor-element-6b03d861 wd-parallax-on-scroll wd_scroll_x_0 wd_scroll_y_-30 wd_scroll_z_0 wd_scroll_smoothness_30 elementor-widget elementor-widget-wd_image_or_svg\" data-id=\"6b03d861\" data-element_type=\"widget\" data-widget_type=\"wd_image_or_svg.default\">\n\t\t\t\t<div class=\"elementor-widget-container\">\n\t\t\t\n\t\t<div class=\"wd-image text-left\">\n\t\t\t\t\t\t\t\t<img decoding=\"async\" width=\"768\" height=\"439\" src=\"https:\/\/dev.prestigtours.com\/wp-content\/uploads\/2024\/08\/ekskursii-i-meropriyatiya-768x439.webp\" class=\"attachment-medium_large size-medium_large\" alt=\"Excursiones y actividades.\" srcset=\"https:\/\/dev.prestigtours.com\/wp-content\/uploads\/2024\/08\/ekskursii-i-meropriyatiya-768x439.webp 768w, https:\/\/dev.prestigtours.com\/wp-content\/uploads\/2024\/08\/ekskursii-i-meropriyatiya-300x171.webp 300w, https:\/\/dev.prestigtours.com\/wp-content\/uploads\/2024\/08\/ekskursii-i-meropriyatiya-1024x585.webp 1024w, https:\/\/dev.prestigtours.com\/wp-content\/uploads\/2024\/08\/ekskursii-i-meropriyatiya-1536x878.webp 1536w, https:\/\/dev.prestigtours.com\/wp-content\/uploads\/2024\/08\/ekskursii-i-meropriyatiya.webp 1792w\" sizes=\"(max-width: 768px) 100vw, 768px\" \/>\t\t\t\t\t<\/div>\n\n\t\t\t\t<\/div>\n\t\t\t\t<\/div>\n\t\t\t\t\t<\/div>\n\t\t<\/div>\n\t\t\t\t\t<\/div>\n\t\t<\/section>\n\t\t\t\t<\/div>","protected":false},"excerpt":{"rendered":"<p>\u00a1Tu gu\u00eda al mundo de impresiones inolvidables! Tours alrededor del mundo: \u00a1Descubre cosas nuevas con Prestige Tours! Buscando las mejores excursiones a los lugares m\u00e1s<\/p>","protected":false},"author":1,"featured_media":0,"parent":0,"menu_order":0,"comment_status":"closed","ping_status":"closed","template":"","meta":{"footnotes":""},"class_list":["post-82042","page","type-page","status-publish","hentry"],"_links":{"self":[{"href":"https:\/\/dev.prestigtours.com\/es\/wp-json\/wp\/v2\/pages\/82042"}],"collection":[{"href":"https:\/\/dev.prestigtours.com\/es\/wp-json\/wp\/v2\/pages"}],"about":[{"href":"https:\/\/dev.prestigtours.com\/es\/wp-json\/wp\/v2\/types\/page"}],"author":[{"embeddable":true,"href":"https:\/\/dev.prestigtours.com\/es\/wp-json\/wp\/v2\/users\/1"}],"replies":[{"embeddable":true,"href":"https:\/\/dev.prestigtours.com\/es\/wp-json\/wp\/v2\/comments?post=82042"}],"version-history":[{"count":19,"href":"https:\/\/dev.prestigtours.com\/es\/wp-json\/wp\/v2\/pages\/82042\/revisions"}],"predecessor-version":[{"id":87391,"href":"https:\/\/dev.prestigtours.com\/es\/wp-json\/wp\/v2\/pages\/82042\/revisions\/87391"}],"wp:attachment":[{"href":"https:\/\/dev.prestigtours.com\/es\/wp-json\/wp\/v2\/media?parent=82042"}],"curies":[{"name":"wp","href":"https:\/\/api.w.org\/{rel}","templated":true}]}}