{"id":82046,"date":"2024-08-30T17:40:20","date_gmt":"2024-08-30T14:40:20","guid":{"rendered":"https:\/\/dev.prestigtours.com\/?page_id=82046"},"modified":"2024-09-17T18:02:42","modified_gmt":"2024-09-17T15:02:42","slug":"ozdorovitelnye-tury","status":"publish","type":"page","link":"https:\/\/dev.prestigtours.com\/es\/ozdorovitelnye-tury","title":{"rendered":"Giras de salud"},"content":{"rendered":"<div data-elementor-type=\"wp-page\" data-elementor-id=\"82046\" class=\"elementor elementor-82046\">\n\t\t\t\t\t\t<section class=\"wd-negative-gap elementor-section elementor-top-section elementor-element elementor-element-3637252e wd-section-stretch elementor-section-height-min-height elementor-section-full_width elementor-section-height-default elementor-section-items-middle\" data-id=\"3637252e\" data-element_type=\"section\" data-settings=\"{&quot;background_background&quot;:&quot;slideshow&quot;,&quot;background_slideshow_gallery&quot;:[{&quot;id&quot;:82323,&quot;url&quot;:&quot;http:\\\/\\\/dev.prestigtours.com\\\/wp-content\\\/uploads\\\/2024\\\/09\\\/ozdorovitelnye-tury-4.webp&quot;},{&quot;id&quot;:82324,&quot;url&quot;:&quot;http:\\\/\\\/dev.prestigtours.com\\\/wp-content\\\/uploads\\\/2024\\\/09\\\/ozdorovitelnye-tury-3.webp&quot;},{&quot;id&quot;:82325,&quot;url&quot;:&quot;http:\\\/\\\/dev.prestigtours.com\\\/wp-content\\\/uploads\\\/2024\\\/09\\\/ozdorovitelnye-tury-2.webp&quot;},{&quot;id&quot;:82326,&quot;url&quot;:&quot;http:\\\/\\\/dev.prestigtours.com\\\/wp-content\\\/uploads\\\/2024\\\/09\\\/ozdorovitelnye-tury.webp&quot;}],&quot;background_slideshow_ken_burns&quot;:&quot;yes&quot;,&quot;background_slideshow_loop&quot;:&quot;yes&quot;,&quot;background_slideshow_slide_duration&quot;:5000,&quot;background_slideshow_slide_transition&quot;:&quot;fade&quot;,&quot;background_slideshow_transition_duration&quot;:500,&quot;background_slideshow_ken_burns_zoom_direction&quot;:&quot;in&quot;}\">\n\t\t\t\t\t\t\t<div class=\"elementor-background-overlay\"><\/div>\n\t\t\t\t\t\t\t<div class=\"elementor-container elementor-column-gap-no\">\n\t\t\t\t\t<div class=\"elementor-column elementor-col-100 elementor-top-column elementor-element elementor-element-4cf3d3df\" data-id=\"4cf3d3df\" data-element_type=\"column\">\n\t\t\t<div class=\"elementor-widget-wrap elementor-element-populated\">\n\t\t\t\t\t\t<div class=\"elementor-element elementor-element-f1633c4 elementor-widget elementor-widget-wd_text_block\" data-id=\"f1633c4\" data-element_type=\"widget\" data-widget_type=\"wd_text_block.default\">\n\t\t\t\t<div class=\"elementor-widget-container\">\n\t\t\t\t\t\t<link rel=\"stylesheet\" id=\"wd-text-block-css\" href=\"https:\/\/dev.prestigtours.com\/wp-content\/themes\/woodmart\/css\/parts\/el-text-block.min.css?ver=7.6.0\" type=\"text\/css\" media=\"all\" \/> \t\t\t\t\t<div class=\"wd-text-block reset-last-child text-center color-title color-scheme-light\">\n\t\t\t\n\t\t\t<p>\u00a1Restaura tus fuerzas y encuentra la armon\u00eda del alma y el cuerpo!<\/p>\n\t\t\t\t\t<\/div>\n\t\t\t\t<\/div>\n\t\t\t\t<\/div>\n\t\t\t\t<div class=\"elementor-element elementor-element-5fa640c7 wd-width-100 elementor-widget elementor-widget-wd_title\" data-id=\"5fa640c7\" data-element_type=\"widget\" data-widget_type=\"wd_title.default\">\n\t\t\t\t<div class=\"elementor-widget-container\">\n\t\t\t\t\t\t<link rel=\"stylesheet\" id=\"wd-section-title-css\" href=\"https:\/\/dev.prestigtours.com\/wp-content\/themes\/woodmart\/css\/parts\/el-section-title.min.css?ver=7.6.0\" type=\"text\/css\" media=\"all\" \/> \t\t\t\t\t<div class=\"title-wrapper set-mb-s reset-last-child wd-title-color-white wd-title-style-default wd-title-size-default text-center\">\n\n\t\t\t\n\t\t\t<div class=\"liner-continer\">\n\t\t\t\t<h1 class=\"woodmart-title-container title wd-fontsize-l\">Tours de bienestar: \u00a1la fuente de su inspiraci\u00f3n y salud!<\/h1> \n\t\t\t\t\t\t\t<\/div>\n\n\t\t\t\t\t<\/div>\n\t\t\t\t<\/div>\n\t\t\t\t<\/div>\n\t\t\t\t<div class=\"elementor-element elementor-element-313d0872 elementor-widget elementor-widget-wd_text_block\" data-id=\"313d0872\" data-element_type=\"widget\" data-widget_type=\"wd_text_block.default\">\n\t\t\t\t<div class=\"elementor-widget-container\">\n\t\t\t\t\t<div class=\"wd-text-block reset-last-child text-center color-scheme-light\">\n\t\t\t\n\t\t\t<p>Explora los mejores tours de bienestar con nosotros. Nuestra colecci\u00f3n incluye una variedad de programas de recuperaci\u00f3n y relajaci\u00f3n, desde tranquilos retiros de yoga hasta lujosos complejos tur\u00edsticos con spa. Descubra la combinaci\u00f3n perfecta entre naturaleza, salud y confort. Le ayudaremos a encontrar la armon\u00eda y ganar nuevas fuerzas en los rincones m\u00e1s pintorescos del mundo.<\/p>\n\t\t\t\t\t<\/div>\n\t\t\t\t<\/div>\n\t\t\t\t<\/div>\n\t\t\t\t\t<\/div>\n\t\t<\/div>\n\t\t\t\t\t<\/div>\n\t\t<\/section>\n\t\t\t\t<section class=\"wd-negative-gap elementor-section elementor-top-section elementor-element elementor-element-42b79e09 elementor-section-content-middle wd-section-stretch elementor-section-boxed elementor-section-height-default elementor-section-height-default\" data-id=\"42b79e09\" data-element_type=\"section\" data-settings=\"{&quot;background_background&quot;:&quot;classic&quot;,&quot;shape_divider_top&quot;:&quot;wd_curved_line&quot;,&quot;shape_divider_bottom&quot;:&quot;wd_curved_line&quot;}\">\n\t\t\t\t\t<div class=\"elementor-shape elementor-shape-top\" data-negative=\"false\">\n\t\t\t<svg xmlns=\"http:\/\/www.w3.org\/2000\/svg\" class=\"wd-divider\" xmlns:xlink=\"http:\/\/www.w3.org\/1999\/xlink\" x=\"0px\" y=\"0px\"\n\t viewbox=\"0 0 100 100\" width=\"100%\" height=\"50px\" preserveaspectratio=\"none\">\n<path class=\"elementor-shape-fill\" display=\"none\" d=\"M100,25.8V100H0V52.5c-4.9-6.8-9.5-13.8-15-19.7V101h125V20.9C106.3,22,103,23.7,100,25.8z\"\/>\n<path class=\"elementor-shape-fill\" d=\"M0,0v99c22-20.6,28.7-69.7,61.4-69.7c18.8,0,29.1,16.2,38.6,34V0L0,0z\"\/>\n<\/svg>\n\t\t<\/div>\n\t\t\t\t<div class=\"elementor-shape elementor-shape-bottom\" data-negative=\"false\">\n\t\t\t<svg xmlns=\"http:\/\/www.w3.org\/2000\/svg\" class=\"wd-divider\" xmlns:xlink=\"http:\/\/www.w3.org\/1999\/xlink\" x=\"0px\" y=\"0px\"\n\t viewbox=\"0 0 100 100\" width=\"100%\" height=\"50px\" preserveaspectratio=\"none\">\n<path class=\"elementor-shape-fill\" display=\"none\" d=\"M100,25.8V100H0V52.5c-4.9-6.8-9.5-13.8-15-19.7V101h125V20.9C106.3,22,103,23.7,100,25.8z\"\/>\n<path class=\"elementor-shape-fill\" d=\"M0,0v99c22-20.6,28.7-69.7,61.4-69.7c18.8,0,29.1,16.2,38.6,34V0L0,0z\"\/>\n<\/svg>\n\t\t<\/div>\n\t\t\t\t\t<div class=\"elementor-container elementor-column-gap-wide\">\n\t\t\t\t\t<div class=\"elementor-column elementor-col-100 elementor-top-column elementor-element elementor-element-455e0412\" data-id=\"455e0412\" data-element_type=\"column\">\n\t\t\t<div class=\"elementor-widget-wrap elementor-element-populated\">\n\t\t\t\t\t\t\t<link rel=\"stylesheet\" id=\"wd-animations-css\" href=\"https:\/\/dev.prestigtours.com\/wp-content\/themes\/woodmart\/css\/parts\/mod-animations-transform.min.css?ver=7.6.0\" type=\"text\/css\" media=\"all\" \/> \t\t\t\t\t<div class=\"elementor-element elementor-element-a584949 wd-animation-slide-from-bottom wd-width-100 wd-animation-normal elementor-widget elementor-widget-wd_title\" data-id=\"a584949\" data-element_type=\"widget\" data-widget_type=\"wd_title.default\">\n\t\t\t\t<div class=\"elementor-widget-container\">\n\t\t\t\t\t\t<link rel=\"stylesheet\" id=\"wd-section-title-style-simple-and-brd-css\" href=\"https:\/\/dev.prestigtours.com\/wp-content\/themes\/woodmart\/css\/parts\/el-section-title-style-simple-and-brd.min.css?ver=7.6.0\" type=\"text\/css\" media=\"all\" \/> \t\t\t\t\t<div class=\"title-wrapper set-mb-s reset-last-child wd-title-color-primary wd-title-style-bordered wd-title-size-default text-left\">\n\n\t\t\t\n\t\t\t<div class=\"liner-continer\">\n\t\t\t\t<h2 class=\"woodmart-title-container title wd-fontsize-l\">Tours de bienestar: su camino hacia la salud y el bienestar<\/h2> \n\t\t\t\t\t\t\t<\/div>\n\n\t\t\t\t\t<\/div>\n\t\t\t\t<\/div>\n\t\t\t\t<\/div>\n\t\t\t\t<div class=\"elementor-element elementor-element-3cd2be47 wd-animation-slide-from-bottom wd-animation-normal elementor-widget elementor-widget-wd_text_block\" data-id=\"3cd2be47\" data-element_type=\"widget\" data-widget_type=\"wd_text_block.default\">\n\t\t\t\t<div class=\"elementor-widget-container\">\n\t\t\t\t\t<div class=\"wd-text-block reset-last-child text-left\">\n\t\t\t\n\t\t\t<p>Descubra el mundo de los tours de bienestar, donde cada elemento del programa contribuye a su renacimiento f\u00edsico y mental. Nuestros tours est\u00e1n dise\u00f1ados para quienes buscan armon\u00eda, salud y renovaci\u00f3n. Esto es lo que le espera como parte de nuestros programas:<\/p><p><strong>Principales tipos de tours de salud:<\/strong><\/p><ol><li><strong>retiros de yoga<\/strong>: Inmersi\u00f3n en la pr\u00e1ctica del yoga en rincones pintorescos del mundo.<\/li><li><strong>Sesiones de meditaci\u00f3n<\/strong>: T\u00e9cnicas de meditaci\u00f3n para mejorar la salud mental y reducir el estr\u00e9s.<\/li><li><strong>Programas de desintoxicaci\u00f3n<\/strong>: Limpieza del organismo de toxinas mediante nutrici\u00f3n y procedimientos especializados.<\/li><li><strong>SPA y bienestar<\/strong>: Procedimientos terap\u00e9uticos y reparadores en los mejores centros de spa.<\/li><li><strong>Balnearios termales<\/strong>: Tratamiento con aguas minerales y manantiales naturales.<\/li><\/ol><p><strong>Beneficios de los tours de salud:<\/strong><\/p><ul><li><strong>Recuperaci\u00f3n f\u00edsica<\/strong>: Mejora de la salud y el estado f\u00edsico general.<\/li><li><strong>Renovaci\u00f3n emocional<\/strong>: Reduce los niveles de estr\u00e9s y aumenta la vitalidad.<\/li><li><strong>Enriquecimiento espiritual<\/strong>: Inmersi\u00f3n en pr\u00e1cticas que ayudan a alcanzar la paz y la armon\u00eda interior.<\/li><li><strong>Inmersi\u00f3n cultural<\/strong>: Visitar lugares con cultura y tradiciones \u00fanicas.<\/li><\/ul><p><strong>Tabla de los mejores destinos para tours de salud en 2024:<\/strong><\/p><table><thead><tr><th>Pa\u00eds<\/th><th>tipo de recorrido<\/th><th>Peculiaridades<\/th><\/tr><\/thead><tbody><tr><td>Tailandia<\/td><td>retiro de yoga<\/td><td>Clima tropical, templos antiguos.<\/td><\/tr><tr><td>India<\/td><td>Tour de meditaci\u00f3n<\/td><td>La cuna del yoga y la meditaci\u00f3n.<\/td><\/tr><tr><td>Islandia<\/td><td>fuentes termales<\/td><td>Ba\u00f1os geotermales<\/td><\/tr><tr><td>Jap\u00f3n<\/td><td>Tour de desintoxicaci\u00f3n<\/td><td>Pr\u00e1cticas orientales tradicionales<\/td><\/tr><tr><td>Espa\u00f1a<\/td><td>Visitas SPA<\/td><td>Est\u00e1ndar europeo de bienestar<\/td><\/tr><\/tbody><\/table><p>\u00a1Aprovecha nuestros tours de bienestar para inspirarte para un nuevo estilo de vida y volver a casa lleno de fuerza y salud!<\/p>\n\t\t\t\t\t<\/div>\n\t\t\t\t<\/div>\n\t\t\t\t<\/div>\n\t\t\t\t\t<\/div>\n\t\t<\/div>\n\t\t\t\t\t<\/div>\n\t\t<\/section>\n\t\t\t\t<section class=\"wd-negative-gap elementor-section elementor-top-section elementor-element elementor-element-1dfc7c2b elementor-section-content-middle wd-section-stretch elementor-section-boxed elementor-section-height-default elementor-section-height-default\" data-id=\"1dfc7c2b\" data-element_type=\"section\" data-settings=\"{&quot;background_background&quot;:&quot;gradient&quot;,&quot;shape_divider_top&quot;:&quot;wd_curved_line&quot;,&quot;shape_divider_bottom&quot;:&quot;wd_curved_line&quot;}\">\n\t\t\t\t\t<div class=\"elementor-shape elementor-shape-top\" data-negative=\"false\">\n\t\t\t<svg xmlns=\"http:\/\/www.w3.org\/2000\/svg\" class=\"wd-divider\" xmlns:xlink=\"http:\/\/www.w3.org\/1999\/xlink\" x=\"0px\" y=\"0px\"\n\t viewbox=\"0 0 100 100\" width=\"100%\" height=\"50px\" preserveaspectratio=\"none\">\n<path class=\"elementor-shape-fill\" display=\"none\" d=\"M100,25.8V100H0V52.5c-4.9-6.8-9.5-13.8-15-19.7V101h125V20.9C106.3,22,103,23.7,100,25.8z\"\/>\n<path class=\"elementor-shape-fill\" d=\"M0,0v99c22-20.6,28.7-69.7,61.4-69.7c18.8,0,29.1,16.2,38.6,34V0L0,0z\"\/>\n<\/svg>\n\t\t<\/div>\n\t\t\t\t<div class=\"elementor-shape elementor-shape-bottom\" data-negative=\"false\">\n\t\t\t<svg xmlns=\"http:\/\/www.w3.org\/2000\/svg\" class=\"wd-divider\" xmlns:xlink=\"http:\/\/www.w3.org\/1999\/xlink\" x=\"0px\" y=\"0px\"\n\t viewbox=\"0 0 100 100\" width=\"100%\" height=\"50px\" preserveaspectratio=\"none\">\n<path class=\"elementor-shape-fill\" display=\"none\" d=\"M100,25.8V100H0V52.5c-4.9-6.8-9.5-13.8-15-19.7V101h125V20.9C106.3,22,103,23.7,100,25.8z\"\/>\n<path class=\"elementor-shape-fill\" d=\"M0,0v99c22-20.6,28.7-69.7,61.4-69.7c18.8,0,29.1,16.2,38.6,34V0L0,0z\"\/>\n<\/svg>\n\t\t<\/div>\n\t\t\t\t\t<div class=\"elementor-container elementor-column-gap-wide\">\n\t\t\t\t\t<div class=\"elementor-column elementor-col-100 elementor-top-column elementor-element elementor-element-4c3cdf7a\" data-id=\"4c3cdf7a\" data-element_type=\"column\">\n\t\t\t<div class=\"elementor-widget-wrap elementor-element-populated\">\n\t\t\t\t\t\t<div class=\"elementor-element elementor-element-3f39d321 wd-animation-slide-from-bottom wd-width-100 wd-animation-normal elementor-widget elementor-widget-wd_title\" data-id=\"3f39d321\" data-element_type=\"widget\" data-widget_type=\"wd_title.default\">\n\t\t\t\t<div class=\"elementor-widget-container\">\n\t\t\t\t\t<div class=\"title-wrapper set-mb-s reset-last-child wd-title-color-white wd-title-style-bordered wd-title-size-default text-left\">\n\n\t\t\t\n\t\t\t<div class=\"liner-continer\">\n\t\t\t\t<h2 class=\"woodmart-title-container title wd-fontsize-l\">Seleccione tours de salud<\/h2> \n\t\t\t\t\t\t\t<\/div>\n\n\t\t\t\t\t<\/div>\n\t\t\t\t<\/div>\n\t\t\t\t<\/div>\n\t\t\t\t<div class=\"elementor-element elementor-element-d08b110 elementor-widget elementor-widget-html\" data-id=\"d08b110\" data-element_type=\"widget\" data-widget_type=\"html.default\">\n\t\t\t\t<div class=\"elementor-widget-container\">\n\t\t\t<script type=\"text\/javascript\" src=\"https:\/\/prod.affsanatoriums.com\/js\/product.js\"><\/script>\r\n\r\n<ins \r\n\tdata-type=\"sanatoriums-product\" \r\n\tdata-token=\"7edfd522\">\r\n<\/ins>\r\n\t\t<\/div>\n\t\t\t\t<\/div>\n\t\t\t\t\t<\/div>\n\t\t<\/div>\n\t\t\t\t\t<\/div>\n\t\t<\/section>\n\t\t\t\t<section class=\"wd-negative-gap elementor-section elementor-top-section elementor-element elementor-element-26f8779d wd-section-stretch_row_content elementor-section-content-middle elementor-section-boxed elementor-section-height-default elementor-section-height-default\" data-id=\"26f8779d\" data-element_type=\"section\">\n\t\t\t\t\t\t<div class=\"elementor-container elementor-column-gap-default\">\n\t\t\t\t\t<div class=\"elementor-column elementor-col-50 elementor-top-column elementor-element elementor-element-25b4b174\" data-id=\"25b4b174\" data-element_type=\"column\" data-settings=\"{&quot;background_background&quot;:&quot;classic&quot;}\">\n\t\t\t<div class=\"elementor-widget-wrap elementor-element-populated\">\n\t\t\t\t\t\t<div class=\"elementor-element elementor-element-6b75f1a3 wd-parallax-on-scroll wd_scroll_x_0 wd_scroll_y_-30 wd_scroll_z_0 wd_scroll_smoothness_30 elementor-widget elementor-widget-wd_image_or_svg\" data-id=\"6b75f1a3\" data-element_type=\"widget\" data-widget_type=\"wd_image_or_svg.default\">\n\t\t\t\t<div class=\"elementor-widget-container\">\n\t\t\t\n\t\t<div class=\"wd-image text-right\">\n\t\t\t\t\t\t\t\t<img fetchpriority=\"high\" decoding=\"async\" width=\"768\" height=\"439\" src=\"https:\/\/dev.prestigtours.com\/wp-content\/uploads\/2024\/08\/aviabilety-transfery-i-strahovki-768x439.webp\" class=\"attachment-medium_large size-medium_large\" alt=\"Pasajes a\u00e9reos, traslados y seguros.\" srcset=\"https:\/\/dev.prestigtours.com\/wp-content\/uploads\/2024\/08\/aviabilety-transfery-i-strahovki-768x439.webp 768w, https:\/\/dev.prestigtours.com\/wp-content\/uploads\/2024\/08\/aviabilety-transfery-i-strahovki-300x171.webp 300w, https:\/\/dev.prestigtours.com\/wp-content\/uploads\/2024\/08\/aviabilety-transfery-i-strahovki-1024x585.webp 1024w, https:\/\/dev.prestigtours.com\/wp-content\/uploads\/2024\/08\/aviabilety-transfery-i-strahovki-1536x878.webp 1536w, https:\/\/dev.prestigtours.com\/wp-content\/uploads\/2024\/08\/aviabilety-transfery-i-strahovki.webp 1792w\" sizes=\"(max-width: 768px) 100vw, 768px\" \/>\t\t\t\t\t<\/div>\n\n\t\t\t\t<\/div>\n\t\t\t\t<\/div>\n\t\t\t\t\t<\/div>\n\t\t<\/div>\n\t\t\t\t<div class=\"elementor-column elementor-col-50 elementor-top-column elementor-element elementor-element-4c09fcad\" data-id=\"4c09fcad\" data-element_type=\"column\">\n\t\t\t<div class=\"elementor-widget-wrap elementor-element-populated\">\n\t\t\t\t\t\t<div class=\"elementor-element elementor-element-2e0be31f wd_scroll_y_20 wd-parallax-on-scroll wd-width-100 wd_scroll_smoothness_30 elementor-widget elementor-widget-wd_title\" data-id=\"2e0be31f\" data-element_type=\"widget\" data-widget_type=\"wd_title.default\">\n\t\t\t\t<div class=\"elementor-widget-container\">\n\t\t\t\t\t<div class=\"title-wrapper set-mb-s reset-last-child wd-title-color-default wd-title-style-default wd-title-size-default text-left\">\n\n\t\t\t\n\t\t\t<div class=\"liner-continer\">\n\t\t\t\t<h2 class=\"woodmart-title-container title wd-fontsize-l\">Reserva ahora <i><strong>Pasajes a\u00e9reos, traslados y seguros.<\/strong><\/i> sin problemas<\/h2> \n\t\t\t\t\t\t\t<\/div>\n\n\t\t\t\t\t<\/div>\n\t\t\t\t<\/div>\n\t\t\t\t<\/div>\n\t\t\t\t<div class=\"elementor-element elementor-element-52919f7f wd-parallax-on-scroll wd_scroll_y_20 wd_scroll_smoothness_30 elementor-widget elementor-widget-wd_text_block\" data-id=\"52919f7f\" data-element_type=\"widget\" data-widget_type=\"wd_text_block.default\">\n\t\t\t\t<div class=\"elementor-widget-container\">\n\t\t\t\t\t<div class=\"wd-text-block reset-last-child text-left\">\n\t\t\t\n\t\t\t<p>Organice todos los aspectos de su viaje con antelaci\u00f3n. Ofrecemos un conveniente servicio para reservar boletos a\u00e9reos con las mejores tarifas, brindamos traslados desde y hacia el hotel y tambi\u00e9n brindamos diversas opciones de seguros para su seguridad. Aproveche nuestros servicios para garantizar que su viaje sea c\u00f3modo y seguro en cada etapa.<\/p>\n\t\t\t\t\t<\/div>\n\t\t\t\t<\/div>\n\t\t\t\t<\/div>\n\t\t\t\t<div class=\"elementor-element elementor-element-102f6717 elementor-widget__width-auto wd_scroll_y_20 wd-parallax-on-scroll wd_scroll_smoothness_30 elementor-widget elementor-widget-wd_button\" data-id=\"102f6717\" data-element_type=\"widget\" data-widget_type=\"wd_button.default\">\n\t\t\t\t<div class=\"elementor-widget-container\">\n\t\t\t\t\t<div class=\"wd-button-wrapper text-center\" >\n\t\t\t<a class=\"btn btn-style-default btn-style-semi-round btn-size-default btn-color-primary btn-icon-pos-right\"  href=\"https:\/\/dev.prestigtours.com\/es\/transfery\/\">\n\t\t\t\t<span class=\"wd-btn-text\" data-elementor-setting-key=\"text\">\n\t\t\t\t\tReserva ahora\t\t\t\t<\/span>\n\n\t\t\t\t\t\t\t<\/a>\n\t\t<\/div>\n\t\t\t\t<\/div>\n\t\t\t\t<\/div>\n\t\t\t\t<div class=\"elementor-element elementor-element-70b0aa8c elementor-widget__width-auto wd_scroll_y_20 wd-parallax-on-scroll wd_scroll_smoothness_30 elementor-widget elementor-widget-wd_button\" data-id=\"70b0aa8c\" data-element_type=\"widget\" data-widget_type=\"wd_button.default\">\n\t\t\t\t<div class=\"elementor-widget-container\">\n\t\t\t\t\t<div class=\"wd-button-wrapper text-center\" >\n\t\t\t<a class=\"btn btn-style-bordered btn-style-semi-round btn-size-default btn-color-default btn-icon-pos-right\"  href=\"https:\/\/dev.prestigtours.com\/es\/strahovanie-puteshestvij\/\">\n\t\t\t\t<span class=\"wd-btn-text\" data-elementor-setting-key=\"text\">\n\t\t\t\t\tSeguro de pedido\t\t\t\t<\/span>\n\n\t\t\t\t\t\t\t<\/a>\n\t\t<\/div>\n\t\t\t\t<\/div>\n\t\t\t\t<\/div>\n\t\t\t\t\t<\/div>\n\t\t<\/div>\n\t\t\t\t\t<\/div>\n\t\t<\/section>\n\t\t\t\t<section class=\"wd-negative-gap elementor-section elementor-top-section elementor-element elementor-element-19350ec2 wd-section-stretch_row_content elementor-section-content-middle elementor-reverse-tablet elementor-reverse-mobile elementor-section-boxed elementor-section-height-default elementor-section-height-default\" data-id=\"19350ec2\" data-element_type=\"section\">\n\t\t\t\t\t\t<div class=\"elementor-container elementor-column-gap-default\">\n\t\t\t\t\t<div class=\"elementor-column elementor-col-50 elementor-top-column elementor-element elementor-element-46e0fbb0\" data-id=\"46e0fbb0\" data-element_type=\"column\">\n\t\t\t<div class=\"elementor-widget-wrap elementor-element-populated\">\n\t\t\t\t\t\t<div class=\"elementor-element elementor-element-60a36053 wd_scroll_y_20 wd-parallax-on-scroll wd-width-100 wd_scroll_smoothness_30 elementor-widget elementor-widget-wd_title\" data-id=\"60a36053\" data-element_type=\"widget\" data-widget_type=\"wd_title.default\">\n\t\t\t\t<div class=\"elementor-widget-container\">\n\t\t\t\t\t<div class=\"title-wrapper set-mb-s reset-last-child wd-title-color-default wd-title-style-default wd-title-size-default text-right\">\n\n\t\t\t\n\t\t\t<div class=\"liner-continer\">\n\t\t\t\t<h2 class=\"woodmart-title-container title wd-fontsize-l\">Descubre inolvidable <i><strong>excursiones y actividades<\/strong><\/i><\/h2> \n\t\t\t\t\t\t\t<\/div>\n\n\t\t\t\t\t<\/div>\n\t\t\t\t<\/div>\n\t\t\t\t<\/div>\n\t\t\t\t<div class=\"elementor-element elementor-element-72466d wd-parallax-on-scroll wd_scroll_y_20 wd_scroll_smoothness_30 elementor-widget elementor-widget-wd_text_block\" data-id=\"72466d\" data-element_type=\"widget\" data-widget_type=\"wd_text_block.default\">\n\t\t\t\t<div class=\"elementor-widget-container\">\n\t\t\t\t\t<div class=\"wd-text-block reset-last-child text-right\">\n\t\t\t\n\t\t\t<p>Haz que tu viaje a Italia sea realmente especial. Elija entre una variedad de excursiones que le permitir\u00e1n sumergirse en las atracciones locales, eventos culturales y tradiciones locales \u00fanicas. Desde recorridos hist\u00f3ricos hasta eventos modernos, con nosotros ver\u00e1 un nuevo lado de Italia.<\/p>\n\t\t\t\t\t<\/div>\n\t\t\t\t<\/div>\n\t\t\t\t<\/div>\n\t\t\t\t<div class=\"elementor-element elementor-element-641bf731 elementor-widget__width-auto wd_scroll_y_20 wd-parallax-on-scroll wd_scroll_smoothness_30 elementor-widget elementor-widget-wd_button\" data-id=\"641bf731\" data-element_type=\"widget\" data-widget_type=\"wd_button.default\">\n\t\t\t\t<div class=\"elementor-widget-container\">\n\t\t\t\t\t<div class=\"wd-button-wrapper text-center\" >\n\t\t\t<a class=\"btn btn-style-default btn-style-semi-round btn-size-default btn-color-primary btn-icon-pos-right\"  href=\"https:\/\/dev.prestigtours.com\/es\/ekskursii-i-meropriyatiya\/\">\n\t\t\t\t<span class=\"wd-btn-text\" data-elementor-setting-key=\"text\">\n\t\t\t\t\tVer excursiones\t\t\t\t<\/span>\n\n\t\t\t\t\t\t\t<\/a>\n\t\t<\/div>\n\t\t\t\t<\/div>\n\t\t\t\t<\/div>\n\t\t\t\t\t<\/div>\n\t\t<\/div>\n\t\t\t\t<div class=\"elementor-column elementor-col-50 elementor-top-column elementor-element elementor-element-85c1727\" data-id=\"85c1727\" data-element_type=\"column\" data-settings=\"{&quot;background_background&quot;:&quot;classic&quot;}\">\n\t\t\t<div class=\"elementor-widget-wrap elementor-element-populated\">\n\t\t\t\t\t\t<div class=\"elementor-element elementor-element-9dfed96 wd-parallax-on-scroll wd_scroll_x_0 wd_scroll_y_-30 wd_scroll_z_0 wd_scroll_smoothness_30 elementor-widget elementor-widget-wd_image_or_svg\" data-id=\"9dfed96\" data-element_type=\"widget\" data-widget_type=\"wd_image_or_svg.default\">\n\t\t\t\t<div class=\"elementor-widget-container\">\n\t\t\t\n\t\t<div class=\"wd-image text-left\">\n\t\t\t\t\t\t\t\t<img decoding=\"async\" width=\"768\" height=\"439\" src=\"https:\/\/dev.prestigtours.com\/wp-content\/uploads\/2024\/08\/ekskursii-i-meropriyatiya-768x439.webp\" class=\"attachment-medium_large size-medium_large\" alt=\"Excursiones y actividades.\" srcset=\"https:\/\/dev.prestigtours.com\/wp-content\/uploads\/2024\/08\/ekskursii-i-meropriyatiya-768x439.webp 768w, https:\/\/dev.prestigtours.com\/wp-content\/uploads\/2024\/08\/ekskursii-i-meropriyatiya-300x171.webp 300w, https:\/\/dev.prestigtours.com\/wp-content\/uploads\/2024\/08\/ekskursii-i-meropriyatiya-1024x585.webp 1024w, https:\/\/dev.prestigtours.com\/wp-content\/uploads\/2024\/08\/ekskursii-i-meropriyatiya-1536x878.webp 1536w, https:\/\/dev.prestigtours.com\/wp-content\/uploads\/2024\/08\/ekskursii-i-meropriyatiya.webp 1792w\" sizes=\"(max-width: 768px) 100vw, 768px\" \/>\t\t\t\t\t<\/div>\n\n\t\t\t\t<\/div>\n\t\t\t\t<\/div>\n\t\t\t\t\t<\/div>\n\t\t<\/div>\n\t\t\t\t\t<\/div>\n\t\t<\/section>\n\t\t\t\t<\/div>","protected":false},"excerpt":{"rendered":"<p>\u00a1Recupera tu fuerza y encuentra la armon\u00eda en cuerpo y alma! \u00a1Los viajes de bienestar son tu fuente de inspiraci\u00f3n y salud! Explora los mejores viajes de bienestar.<\/p>","protected":false},"author":1,"featured_media":0,"parent":0,"menu_order":0,"comment_status":"closed","ping_status":"closed","template":"","meta":{"footnotes":""},"class_list":["post-82046","page","type-page","status-publish","hentry"],"_links":{"self":[{"href":"https:\/\/dev.prestigtours.com\/es\/wp-json\/wp\/v2\/pages\/82046"}],"collection":[{"href":"https:\/\/dev.prestigtours.com\/es\/wp-json\/wp\/v2\/pages"}],"about":[{"href":"https:\/\/dev.prestigtours.com\/es\/wp-json\/wp\/v2\/types\/page"}],"author":[{"embeddable":true,"href":"https:\/\/dev.prestigtours.com\/es\/wp-json\/wp\/v2\/users\/1"}],"replies":[{"embeddable":true,"href":"https:\/\/dev.prestigtours.com\/es\/wp-json\/wp\/v2\/comments?post=82046"}],"version-history":[{"count":8,"href":"https:\/\/dev.prestigtours.com\/es\/wp-json\/wp\/v2\/pages\/82046\/revisions"}],"predecessor-version":[{"id":87305,"href":"https:\/\/dev.prestigtours.com\/es\/wp-json\/wp\/v2\/pages\/82046\/revisions\/87305"}],"wp:attachment":[{"href":"https:\/\/dev.prestigtours.com\/es\/wp-json\/wp\/v2\/media?parent=82046"}],"curies":[{"name":"wp","href":"https:\/\/api.w.org\/{rel}","templated":true}]}}