{"id":82050,"date":"2024-08-30T17:40:59","date_gmt":"2024-08-30T14:40:59","guid":{"rendered":"https:\/\/dev.prestigtours.com\/?page_id=82050"},"modified":"2024-09-02T18:14:05","modified_gmt":"2024-09-02T15:14:05","slug":"strahovanie-puteshestvij","status":"publish","type":"page","link":"https:\/\/dev.prestigtours.com\/es\/strahovanie-puteshestvij","title":{"rendered":"Seguro de viaje"},"content":{"rendered":"<div data-elementor-type=\"wp-page\" data-elementor-id=\"82050\" class=\"elementor elementor-82050\">\n\t\t\t\t\t\t<section class=\"wd-negative-gap elementor-section elementor-top-section elementor-element elementor-element-4aae062d wd-section-stretch elementor-section-height-min-height elementor-section-full_width elementor-section-height-default elementor-section-items-middle\" data-id=\"4aae062d\" data-element_type=\"section\" data-settings=\"{&quot;background_background&quot;:&quot;slideshow&quot;,&quot;background_slideshow_gallery&quot;:[{&quot;id&quot;:82337,&quot;url&quot;:&quot;http:\\\/\\\/dev.prestigtours.com\\\/wp-content\\\/uploads\\\/2024\\\/09\\\/strahovanie-4.webp&quot;},{&quot;id&quot;:82338,&quot;url&quot;:&quot;http:\\\/\\\/dev.prestigtours.com\\\/wp-content\\\/uploads\\\/2024\\\/09\\\/strahovanie-3.webp&quot;},{&quot;id&quot;:82339,&quot;url&quot;:&quot;http:\\\/\\\/dev.prestigtours.com\\\/wp-content\\\/uploads\\\/2024\\\/09\\\/strahovanie-2.webp&quot;},{&quot;id&quot;:82340,&quot;url&quot;:&quot;http:\\\/\\\/dev.prestigtours.com\\\/wp-content\\\/uploads\\\/2024\\\/09\\\/strahovanie.webp&quot;}],&quot;background_slideshow_ken_burns&quot;:&quot;yes&quot;,&quot;background_slideshow_loop&quot;:&quot;yes&quot;,&quot;background_slideshow_slide_duration&quot;:5000,&quot;background_slideshow_slide_transition&quot;:&quot;fade&quot;,&quot;background_slideshow_transition_duration&quot;:500,&quot;background_slideshow_ken_burns_zoom_direction&quot;:&quot;in&quot;}\">\n\t\t\t\t\t\t\t<div class=\"elementor-background-overlay\"><\/div>\n\t\t\t\t\t\t\t<div class=\"elementor-container elementor-column-gap-no\">\n\t\t\t\t\t<div class=\"elementor-column elementor-col-100 elementor-top-column elementor-element elementor-element-751f2537\" data-id=\"751f2537\" data-element_type=\"column\">\n\t\t\t<div class=\"elementor-widget-wrap elementor-element-populated\">\n\t\t\t\t\t\t<div class=\"elementor-element elementor-element-7c8c93f8 elementor-widget elementor-widget-wd_text_block\" data-id=\"7c8c93f8\" data-element_type=\"widget\" data-widget_type=\"wd_text_block.default\">\n\t\t\t\t<div class=\"elementor-widget-container\">\n\t\t\t\t\t\t<link rel=\"stylesheet\" id=\"wd-text-block-css\" href=\"https:\/\/dev.prestigtours.com\/wp-content\/themes\/woodmart\/css\/parts\/el-text-block.min.css?ver=7.6.0\" type=\"text\/css\" media=\"all\" \/> \t\t\t\t\t<div class=\"wd-text-block reset-last-child text-center color-title color-scheme-light\">\n\t\t\t\n\t\t\t<p>\u00a1Tu seguridad es nuestra prioridad!<\/p>\n\t\t\t\t\t<\/div>\n\t\t\t\t<\/div>\n\t\t\t\t<\/div>\n\t\t\t\t<div class=\"elementor-element elementor-element-7fa21e24 wd-width-100 elementor-widget elementor-widget-wd_title\" data-id=\"7fa21e24\" data-element_type=\"widget\" data-widget_type=\"wd_title.default\">\n\t\t\t\t<div class=\"elementor-widget-container\">\n\t\t\t\t\t\t<link rel=\"stylesheet\" id=\"wd-section-title-css\" href=\"https:\/\/dev.prestigtours.com\/wp-content\/themes\/woodmart\/css\/parts\/el-section-title.min.css?ver=7.6.0\" type=\"text\/css\" media=\"all\" \/> \t\t\t\t\t<div class=\"title-wrapper set-mb-s reset-last-child wd-title-color-white wd-title-style-default wd-title-size-default text-center\">\n\n\t\t\t\n\t\t\t<div class=\"liner-continer\">\n\t\t\t\t<h1 class=\"woodmart-title-container title wd-fontsize-l\">Seguros: Protecci\u00f3n que brinda tranquilidad<\/h1> \n\t\t\t\t\t\t\t<\/div>\n\n\t\t\t\t\t<\/div>\n\t\t\t\t<\/div>\n\t\t\t\t<\/div>\n\t\t\t\t<div class=\"elementor-element elementor-element-28ef9514 elementor-widget elementor-widget-wd_text_block\" data-id=\"28ef9514\" data-element_type=\"widget\" data-widget_type=\"wd_text_block.default\">\n\t\t\t\t<div class=\"elementor-widget-container\">\n\t\t\t\t\t<div class=\"wd-text-block reset-last-child text-center color-scheme-light\">\n\t\t\t\n\t\t\t<p>En nuestra p\u00e1gina de seguros encontrar\u00e1s todos los servicios que necesitas para garantizar tu estabilidad financiera y protecci\u00f3n en cualquier situaci\u00f3n. Ofrecemos una variedad de productos de seguros de proveedores l\u00edderes, incluidos seguros de vida, salud, autom\u00f3viles y propiedad. Nuestras soluciones est\u00e1n dise\u00f1adas para brindar la m\u00e1xima cobertura cuando ocurre lo inesperado. Prot\u00e9jase a usted y a su familia con un seguro confiable que le ayudar\u00e1 a mantener la tranquilidad en cualquier situaci\u00f3n de la vida.<\/p>\n\t\t\t\t\t<\/div>\n\t\t\t\t<\/div>\n\t\t\t\t<\/div>\n\t\t\t\t\t<\/div>\n\t\t<\/div>\n\t\t\t\t\t<\/div>\n\t\t<\/section>\n\t\t\t\t<section class=\"wd-negative-gap elementor-section elementor-top-section elementor-element elementor-element-1d2a11ae elementor-section-content-middle wd-section-stretch elementor-section-boxed elementor-section-height-default elementor-section-height-default\" data-id=\"1d2a11ae\" data-element_type=\"section\" data-settings=\"{&quot;background_background&quot;:&quot;classic&quot;,&quot;shape_divider_top&quot;:&quot;wd_curved_line&quot;,&quot;shape_divider_bottom&quot;:&quot;wd_curved_line&quot;}\">\n\t\t\t\t\t<div class=\"elementor-shape elementor-shape-top\" data-negative=\"false\">\n\t\t\t<svg xmlns=\"http:\/\/www.w3.org\/2000\/svg\" class=\"wd-divider\" xmlns:xlink=\"http:\/\/www.w3.org\/1999\/xlink\" x=\"0px\" y=\"0px\"\n\t viewbox=\"0 0 100 100\" width=\"100%\" height=\"50px\" preserveaspectratio=\"none\">\n<path class=\"elementor-shape-fill\" display=\"none\" d=\"M100,25.8V100H0V52.5c-4.9-6.8-9.5-13.8-15-19.7V101h125V20.9C106.3,22,103,23.7,100,25.8z\"\/>\n<path class=\"elementor-shape-fill\" d=\"M0,0v99c22-20.6,28.7-69.7,61.4-69.7c18.8,0,29.1,16.2,38.6,34V0L0,0z\"\/>\n<\/svg>\n\t\t<\/div>\n\t\t\t\t<div class=\"elementor-shape elementor-shape-bottom\" data-negative=\"false\">\n\t\t\t<svg xmlns=\"http:\/\/www.w3.org\/2000\/svg\" class=\"wd-divider\" xmlns:xlink=\"http:\/\/www.w3.org\/1999\/xlink\" x=\"0px\" y=\"0px\"\n\t viewbox=\"0 0 100 100\" width=\"100%\" height=\"50px\" preserveaspectratio=\"none\">\n<path class=\"elementor-shape-fill\" display=\"none\" d=\"M100,25.8V100H0V52.5c-4.9-6.8-9.5-13.8-15-19.7V101h125V20.9C106.3,22,103,23.7,100,25.8z\"\/>\n<path class=\"elementor-shape-fill\" d=\"M0,0v99c22-20.6,28.7-69.7,61.4-69.7c18.8,0,29.1,16.2,38.6,34V0L0,0z\"\/>\n<\/svg>\n\t\t<\/div>\n\t\t\t\t\t<div class=\"elementor-container elementor-column-gap-wide\">\n\t\t\t\t\t<div class=\"elementor-column elementor-col-100 elementor-top-column elementor-element elementor-element-628adb2b\" data-id=\"628adb2b\" data-element_type=\"column\">\n\t\t\t<div class=\"elementor-widget-wrap elementor-element-populated\">\n\t\t\t\t\t\t\t<link rel=\"stylesheet\" id=\"wd-animations-css\" href=\"https:\/\/dev.prestigtours.com\/wp-content\/themes\/woodmart\/css\/parts\/mod-animations-transform.min.css?ver=7.6.0\" type=\"text\/css\" media=\"all\" \/> \t\t\t\t\t<div class=\"elementor-element elementor-element-228d2d20 wd-animation-slide-from-bottom wd-width-100 wd-animation-normal elementor-widget elementor-widget-wd_title\" data-id=\"228d2d20\" data-element_type=\"widget\" data-widget_type=\"wd_title.default\">\n\t\t\t\t<div class=\"elementor-widget-container\">\n\t\t\t\t\t\t<link rel=\"stylesheet\" id=\"wd-section-title-style-simple-and-brd-css\" href=\"https:\/\/dev.prestigtours.com\/wp-content\/themes\/woodmart\/css\/parts\/el-section-title-style-simple-and-brd.min.css?ver=7.6.0\" type=\"text\/css\" media=\"all\" \/> \t\t\t\t\t<div class=\"title-wrapper set-mb-s reset-last-child wd-title-color-default wd-title-style-bordered wd-title-size-default text-left\">\n\n\t\t\t\n\t\t\t<div class=\"liner-continer\">\n\t\t\t\t<h2 class=\"woodmart-title-container title wd-fontsize-l\">Seguro de viaje integral: tu seguridad es nuestra prioridad<\/h2> \n\t\t\t\t\t\t\t<\/div>\n\n\t\t\t\t\t<\/div>\n\t\t\t\t<\/div>\n\t\t\t\t<\/div>\n\t\t\t\t<div class=\"elementor-element elementor-element-6a645052 wd-animation-slide-from-bottom wd-animation-normal elementor-widget elementor-widget-wd_text_block\" data-id=\"6a645052\" data-element_type=\"widget\" data-widget_type=\"wd_text_block.default\">\n\t\t\t\t<div class=\"elementor-widget-container\">\n\t\t\t\t\t<div class=\"wd-text-block reset-last-child text-left\">\n\t\t\t\n\t\t\t<p>Viajar no se trata s\u00f3lo de vivir nuevas experiencias y descubrimientos, sino tambi\u00e9n de asumir la responsabilidad de tu seguridad y bienestar. Ofrecemos un seguro de viaje integral para brindarle tranquilidad y protecci\u00f3n en cualquier situaci\u00f3n. Nuestro seguro cubre todos los riesgos posibles para que puedas disfrutar de tus vacaciones sin preocupaciones innecesarias.<\/p><h4>Tipos de seguro de viaje:<\/h4><ol><li><p><strong>Seguro m\u00e9dico de viaje:<\/strong><\/p><ul><li>Cobertura de gastos de atenci\u00f3n m\u00e9dica y hospitalizaci\u00f3n.<\/li><li>Pago de medicamentos y transporte en caso de enfermedad o lesi\u00f3n.<\/li><li>Soporte y consultas 24\/7.<\/li><\/ul><\/li><li><p><strong>Seguro contra accidentes:<\/strong><\/p><ul><li>Protecci\u00f3n contra p\u00e9rdidas financieras en caso de lesi\u00f3n o discapacidad.<\/li><li>Pagos en caso de incapacidad temporal o permanente.<\/li><\/ul><\/li><li><p><strong>Seguro de equipaje:<\/strong><\/p><ul><li>Indemnizaci\u00f3n en caso de p\u00e9rdida, da\u00f1o o robo de equipaje.<\/li><li>Cobertura por retraso de equipaje y gastos de compra de art\u00edculos necesarios.<\/li><\/ul><\/li><li><p><strong>Seguro de cancelaci\u00f3n o interrupci\u00f3n de viaje:<\/strong><\/p><ul><li>Reembolso de gastos en caso de cancelaci\u00f3n del viaje por motivos v\u00e1lidos.<\/li><li>Cobertura por costos de interrupci\u00f3n de viaje debido a circunstancias imprevistas.<\/li><\/ul><\/li><li><p><strong>Responsabilidad civil de los viajeros:<\/strong><\/p><ul><li>Cobertura por da\u00f1os a terceros ocasionados durante el viaje.<\/li><li>Pago de costas judiciales en caso de litigio.<\/li><\/ul><\/li><li><p><strong>Seguro para deportes extremos y recreaci\u00f3n activa:<\/strong><\/p><ul><li>Protecci\u00f3n para los amantes de la recreaci\u00f3n activa y los deportes extremos.<\/li><li>Plazos ampliados para riesgos espec\u00edficos.<\/li><\/ul><\/li><li><p><strong>Seguro contra p\u00e9rdida de documentos:<\/strong><\/p><ul><li>Compensaci\u00f3n por gastos de restauraci\u00f3n de documentos perdidos.<\/li><li>Apoyo y asistencia en situaciones de emergencia.<\/li><\/ul><\/li><\/ol><h4>Ventajas de nuestro seguro:<\/h4><ul><li><strong>Amplia cobertura de riesgos:<\/strong> Cobertura completa para cualquier situaci\u00f3n de viaje inesperada.<\/li><li><strong>Flexibilidad de condiciones:<\/strong> La posibilidad de elegir un paquete de seguros personalizado y adaptado a sus necesidades.<\/li><li><strong>Soporte 24\/7:<\/strong> Acceso 24\/7 a ayuda y asesoramiento profesional en cualquier parte del mundo.<\/li><li><strong>Facilidad de dise\u00f1o:<\/strong> Registro r\u00e1pido y c\u00f3modo de una p\u00f3liza de seguro en l\u00ednea.<\/li><\/ul><h4>Tabla comparativa de paquetes de seguros:<\/h4><table><thead><tr><th>Tipo de seguro<\/th><th>Paquete b\u00e1sico<\/th><th>Paquete ampliado<\/th><th>Paquete Premium<\/th><\/tr><\/thead><tbody><tr><td>Seguro de salud<\/td><td>S\u00ed<\/td><td>S\u00ed<\/td><td>S\u00ed<\/td><\/tr><tr><td>Seguro contra accidentes<\/td><td>S\u00ed<\/td><td>S\u00ed<\/td><td>S\u00ed<\/td><\/tr><tr><td>Seguro de equipaje<\/td><td>No<\/td><td>S\u00ed<\/td><td>S\u00ed<\/td><\/tr><tr><td>Seguro de cancelaci\u00f3n de viaje<\/td><td>No<\/td><td>S\u00ed<\/td><td>S\u00ed<\/td><\/tr><tr><td>Responsabilidad civil<\/td><td>No<\/td><td>S\u00ed<\/td><td>S\u00ed<\/td><\/tr><tr><td>Seguro para deportes extremos<\/td><td>No<\/td><td>No<\/td><td>S\u00ed<\/td><\/tr><tr><td>Seguro contra p\u00e9rdida de documentos<\/td><td>No<\/td><td>No<\/td><td>S\u00ed<\/td><\/tr><\/tbody><\/table><p>\u00a1Elige el paquete de seguros que mejor se adapte a tu viaje y emprende el viaje confiado en tu protecci\u00f3n! Con nosotros tu viaje no s\u00f3lo ser\u00e1 emocionante, sino tambi\u00e9n seguro.<\/p>\n\t\t\t\t\t<\/div>\n\t\t\t\t<\/div>\n\t\t\t\t<\/div>\n\t\t\t\t\t<\/div>\n\t\t<\/div>\n\t\t\t\t\t<\/div>\n\t\t<\/section>\n\t\t\t\t<section class=\"wd-negative-gap elementor-section elementor-top-section elementor-element elementor-element-3293416 elementor-section-content-middle wd-section-stretch elementor-section-boxed elementor-section-height-default elementor-section-height-default\" data-id=\"3293416\" data-element_type=\"section\" data-settings=\"{&quot;background_background&quot;:&quot;gradient&quot;,&quot;shape_divider_top&quot;:&quot;wd_curved_line&quot;,&quot;shape_divider_bottom&quot;:&quot;wd_curved_line&quot;}\">\n\t\t\t\t\t<div class=\"elementor-shape elementor-shape-top\" data-negative=\"false\">\n\t\t\t<svg xmlns=\"http:\/\/www.w3.org\/2000\/svg\" class=\"wd-divider\" xmlns:xlink=\"http:\/\/www.w3.org\/1999\/xlink\" x=\"0px\" y=\"0px\"\n\t viewbox=\"0 0 100 100\" width=\"100%\" height=\"50px\" preserveaspectratio=\"none\">\n<path class=\"elementor-shape-fill\" display=\"none\" d=\"M100,25.8V100H0V52.5c-4.9-6.8-9.5-13.8-15-19.7V101h125V20.9C106.3,22,103,23.7,100,25.8z\"\/>\n<path class=\"elementor-shape-fill\" d=\"M0,0v99c22-20.6,28.7-69.7,61.4-69.7c18.8,0,29.1,16.2,38.6,34V0L0,0z\"\/>\n<\/svg>\n\t\t<\/div>\n\t\t\t\t<div class=\"elementor-shape elementor-shape-bottom\" data-negative=\"false\">\n\t\t\t<svg xmlns=\"http:\/\/www.w3.org\/2000\/svg\" class=\"wd-divider\" xmlns:xlink=\"http:\/\/www.w3.org\/1999\/xlink\" x=\"0px\" y=\"0px\"\n\t viewbox=\"0 0 100 100\" width=\"100%\" height=\"50px\" preserveaspectratio=\"none\">\n<path class=\"elementor-shape-fill\" display=\"none\" d=\"M100,25.8V100H0V52.5c-4.9-6.8-9.5-13.8-15-19.7V101h125V20.9C106.3,22,103,23.7,100,25.8z\"\/>\n<path class=\"elementor-shape-fill\" d=\"M0,0v99c22-20.6,28.7-69.7,61.4-69.7c18.8,0,29.1,16.2,38.6,34V0L0,0z\"\/>\n<\/svg>\n\t\t<\/div>\n\t\t\t\t\t<div class=\"elementor-container elementor-column-gap-wide\">\n\t\t\t\t\t<div class=\"elementor-column elementor-col-100 elementor-top-column elementor-element elementor-element-154619b6\" data-id=\"154619b6\" data-element_type=\"column\">\n\t\t\t<div class=\"elementor-widget-wrap elementor-element-populated\">\n\t\t\t\t\t\t<div class=\"elementor-element elementor-element-3585fcd0 wd-animation-slide-from-bottom wd-width-100 wd-animation-normal elementor-widget elementor-widget-wd_title\" data-id=\"3585fcd0\" data-element_type=\"widget\" data-widget_type=\"wd_title.default\">\n\t\t\t\t<div class=\"elementor-widget-container\">\n\t\t\t\t\t<div class=\"title-wrapper set-mb-s reset-last-child wd-title-color-white wd-title-style-bordered wd-title-size-default text-left\">\n\n\t\t\t\n\t\t\t<div class=\"liner-continer\">\n\t\t\t\t<h2 class=\"woodmart-title-container title wd-fontsize-l\">Seleccione Seguros<\/h2> \n\t\t\t\t\t\t\t<\/div>\n\n\t\t\t\t\t<\/div>\n\t\t\t\t<\/div>\n\t\t\t\t<\/div>\n\t\t\t\t<div class=\"elementor-element elementor-element-4568882e elementor-widget elementor-widget-wd_image_or_svg\" data-id=\"4568882e\" data-element_type=\"widget\" data-widget_type=\"wd_image_or_svg.default\">\n\t\t\t\t<div class=\"elementor-widget-container\">\n\t\t\t\n\t\t<div class=\"wd-image text-left\">\n\t\t\t\t\t\t\t\t<img fetchpriority=\"high\" decoding=\"async\" width=\"1273\" height=\"788\" src=\"https:\/\/dev.prestigtours.com\/wp-content\/uploads\/2024\/09\/screenshot_1.png\" class=\"attachment-full size-full\" alt=\"\" srcset=\"https:\/\/dev.prestigtours.com\/wp-content\/uploads\/2024\/09\/screenshot_1.png 1273w, https:\/\/dev.prestigtours.com\/wp-content\/uploads\/2024\/09\/screenshot_1-300x186.png 300w, https:\/\/dev.prestigtours.com\/wp-content\/uploads\/2024\/09\/screenshot_1-1024x634.png 1024w, https:\/\/dev.prestigtours.com\/wp-content\/uploads\/2024\/09\/screenshot_1-768x475.png 768w\" sizes=\"(max-width: 1273px) 100vw, 1273px\" \/>\t\t\t\t\t<\/div>\n\n\t\t\t\t<\/div>\n\t\t\t\t<\/div>\n\t\t\t\t\t<\/div>\n\t\t<\/div>\n\t\t\t\t\t<\/div>\n\t\t<\/section>\n\t\t\t\t<section class=\"wd-negative-gap elementor-section elementor-top-section elementor-element elementor-element-483b4290 wd-section-stretch_row_content elementor-section-content-middle elementor-section-boxed elementor-section-height-default elementor-section-height-default\" data-id=\"483b4290\" data-element_type=\"section\">\n\t\t\t\t\t\t<div class=\"elementor-container elementor-column-gap-default\">\n\t\t\t\t\t<div class=\"elementor-column elementor-col-50 elementor-top-column elementor-element elementor-element-4d693edf\" data-id=\"4d693edf\" data-element_type=\"column\" data-settings=\"{&quot;background_background&quot;:&quot;classic&quot;}\">\n\t\t\t<div class=\"elementor-widget-wrap elementor-element-populated\">\n\t\t\t\t\t\t<div class=\"elementor-element elementor-element-72254287 wd-parallax-on-scroll wd_scroll_x_0 wd_scroll_y_-30 wd_scroll_z_0 wd_scroll_smoothness_30 elementor-widget elementor-widget-wd_image_or_svg\" data-id=\"72254287\" data-element_type=\"widget\" data-widget_type=\"wd_image_or_svg.default\">\n\t\t\t\t<div class=\"elementor-widget-container\">\n\t\t\t\n\t\t<div class=\"wd-image text-right\">\n\t\t\t\t\t\t\t\t<img decoding=\"async\" width=\"768\" height=\"439\" src=\"https:\/\/dev.prestigtours.com\/wp-content\/uploads\/2024\/08\/aviabilety-transfery-i-strahovki-768x439.webp\" class=\"attachment-medium_large size-medium_large\" alt=\"Pasajes a\u00e9reos, traslados y seguros.\" srcset=\"https:\/\/dev.prestigtours.com\/wp-content\/uploads\/2024\/08\/aviabilety-transfery-i-strahovki-768x439.webp 768w, https:\/\/dev.prestigtours.com\/wp-content\/uploads\/2024\/08\/aviabilety-transfery-i-strahovki-300x171.webp 300w, https:\/\/dev.prestigtours.com\/wp-content\/uploads\/2024\/08\/aviabilety-transfery-i-strahovki-1024x585.webp 1024w, https:\/\/dev.prestigtours.com\/wp-content\/uploads\/2024\/08\/aviabilety-transfery-i-strahovki-1536x878.webp 1536w, https:\/\/dev.prestigtours.com\/wp-content\/uploads\/2024\/08\/aviabilety-transfery-i-strahovki.webp 1792w\" sizes=\"(max-width: 768px) 100vw, 768px\" \/>\t\t\t\t\t<\/div>\n\n\t\t\t\t<\/div>\n\t\t\t\t<\/div>\n\t\t\t\t\t<\/div>\n\t\t<\/div>\n\t\t\t\t<div class=\"elementor-column elementor-col-50 elementor-top-column elementor-element elementor-element-1200c128\" data-id=\"1200c128\" data-element_type=\"column\">\n\t\t\t<div class=\"elementor-widget-wrap elementor-element-populated\">\n\t\t\t\t\t\t<div class=\"elementor-element elementor-element-55274ca6 wd_scroll_y_20 wd-parallax-on-scroll wd-width-100 wd_scroll_smoothness_30 elementor-widget elementor-widget-wd_title\" data-id=\"55274ca6\" data-element_type=\"widget\" data-widget_type=\"wd_title.default\">\n\t\t\t\t<div class=\"elementor-widget-container\">\n\t\t\t\t\t<div class=\"title-wrapper set-mb-s reset-last-child wd-title-color-default wd-title-style-default wd-title-size-default text-left\">\n\n\t\t\t\n\t\t\t<div class=\"liner-continer\">\n\t\t\t\t<h2 class=\"woodmart-title-container title wd-fontsize-l\">Reserva ahora <i><strong>Pasajes a\u00e9reos, traslados y seguros.<\/strong><\/i> sin problemas<\/h2> \n\t\t\t\t\t\t\t<\/div>\n\n\t\t\t\t\t<\/div>\n\t\t\t\t<\/div>\n\t\t\t\t<\/div>\n\t\t\t\t<div class=\"elementor-element elementor-element-19edeeeb wd-parallax-on-scroll wd_scroll_y_20 wd_scroll_smoothness_30 elementor-widget elementor-widget-wd_text_block\" data-id=\"19edeeeb\" data-element_type=\"widget\" data-widget_type=\"wd_text_block.default\">\n\t\t\t\t<div class=\"elementor-widget-container\">\n\t\t\t\t\t<div class=\"wd-text-block reset-last-child text-left\">\n\t\t\t\n\t\t\t<p>Organice todos los aspectos de su viaje con antelaci\u00f3n. Ofrecemos un conveniente servicio para reservar boletos a\u00e9reos con las mejores tarifas, brindamos traslados desde y hacia el hotel y tambi\u00e9n brindamos diversas opciones de seguros para su seguridad. Aproveche nuestros servicios para garantizar que su viaje sea c\u00f3modo y seguro en cada etapa.<\/p>\n\t\t\t\t\t<\/div>\n\t\t\t\t<\/div>\n\t\t\t\t<\/div>\n\t\t\t\t<div class=\"elementor-element elementor-element-38c047d1 elementor-widget__width-auto wd_scroll_y_20 wd-parallax-on-scroll wd_scroll_smoothness_30 elementor-widget elementor-widget-wd_button\" data-id=\"38c047d1\" data-element_type=\"widget\" data-widget_type=\"wd_button.default\">\n\t\t\t\t<div class=\"elementor-widget-container\">\n\t\t\t\t\t<div class=\"wd-button-wrapper text-center\" >\n\t\t\t<a class=\"btn btn-style-default btn-style-semi-round btn-size-default btn-color-primary btn-icon-pos-right\"  href=\"https:\/\/dev.prestigtours.com\/es\/transfery\/\">\n\t\t\t\t<span class=\"wd-btn-text\" data-elementor-setting-key=\"text\">\n\t\t\t\t\tReserva ahora\t\t\t\t<\/span>\n\n\t\t\t\t\t\t\t<\/a>\n\t\t<\/div>\n\t\t\t\t<\/div>\n\t\t\t\t<\/div>\n\t\t\t\t\t<\/div>\n\t\t<\/div>\n\t\t\t\t\t<\/div>\n\t\t<\/section>\n\t\t\t\t<section class=\"wd-negative-gap elementor-section elementor-top-section elementor-element elementor-element-61966904 wd-section-stretch_row_content elementor-section-content-middle elementor-reverse-tablet elementor-reverse-mobile elementor-section-boxed elementor-section-height-default elementor-section-height-default\" data-id=\"61966904\" data-element_type=\"section\">\n\t\t\t\t\t\t<div class=\"elementor-container elementor-column-gap-default\">\n\t\t\t\t\t<div class=\"elementor-column elementor-col-50 elementor-top-column elementor-element elementor-element-63efcd35\" data-id=\"63efcd35\" data-element_type=\"column\">\n\t\t\t<div class=\"elementor-widget-wrap elementor-element-populated\">\n\t\t\t\t\t\t<div class=\"elementor-element elementor-element-24fe65cc wd_scroll_y_20 wd-parallax-on-scroll wd-width-100 wd_scroll_smoothness_30 elementor-widget elementor-widget-wd_title\" data-id=\"24fe65cc\" data-element_type=\"widget\" data-widget_type=\"wd_title.default\">\n\t\t\t\t<div class=\"elementor-widget-container\">\n\t\t\t\t\t<div class=\"title-wrapper set-mb-s reset-last-child wd-title-color-default wd-title-style-default wd-title-size-default text-right\">\n\n\t\t\t\n\t\t\t<div class=\"liner-continer\">\n\t\t\t\t<h2 class=\"woodmart-title-container title wd-fontsize-l\">Descubre inolvidable <i><strong>excursiones y actividades<\/strong><\/i><\/h2> \n\t\t\t\t\t\t\t<\/div>\n\n\t\t\t\t\t<\/div>\n\t\t\t\t<\/div>\n\t\t\t\t<\/div>\n\t\t\t\t<div class=\"elementor-element elementor-element-2436a55a wd-parallax-on-scroll wd_scroll_y_20 wd_scroll_smoothness_30 elementor-widget elementor-widget-wd_text_block\" data-id=\"2436a55a\" data-element_type=\"widget\" data-widget_type=\"wd_text_block.default\">\n\t\t\t\t<div class=\"elementor-widget-container\">\n\t\t\t\t\t<div class=\"wd-text-block reset-last-child text-right\">\n\t\t\t\n\t\t\t<p>Haz que tu viaje a Italia sea realmente especial. Elija entre una variedad de excursiones que le permitir\u00e1n sumergirse en las atracciones locales, eventos culturales y tradiciones locales \u00fanicas. Desde recorridos hist\u00f3ricos hasta eventos modernos, con nosotros ver\u00e1 un nuevo lado de Italia.<\/p>\n\t\t\t\t\t<\/div>\n\t\t\t\t<\/div>\n\t\t\t\t<\/div>\n\t\t\t\t<div class=\"elementor-element elementor-element-3eeed9de elementor-widget__width-auto wd_scroll_y_20 wd-parallax-on-scroll wd_scroll_smoothness_30 elementor-widget elementor-widget-wd_button\" data-id=\"3eeed9de\" data-element_type=\"widget\" data-widget_type=\"wd_button.default\">\n\t\t\t\t<div class=\"elementor-widget-container\">\n\t\t\t\t\t<div class=\"wd-button-wrapper text-center\" >\n\t\t\t<a class=\"btn btn-style-default btn-style-semi-round btn-size-default btn-color-primary btn-icon-pos-right\"  href=\"https:\/\/dev.prestigtours.com\/es\/ekskursii-i-meropriyatiya\/\">\n\t\t\t\t<span class=\"wd-btn-text\" data-elementor-setting-key=\"text\">\n\t\t\t\t\tVer excursiones\t\t\t\t<\/span>\n\n\t\t\t\t\t\t\t<\/a>\n\t\t<\/div>\n\t\t\t\t<\/div>\n\t\t\t\t<\/div>\n\t\t\t\t\t<\/div>\n\t\t<\/div>\n\t\t\t\t<div class=\"elementor-column elementor-col-50 elementor-top-column elementor-element elementor-element-1fad10a5\" data-id=\"1fad10a5\" data-element_type=\"column\" data-settings=\"{&quot;background_background&quot;:&quot;classic&quot;}\">\n\t\t\t<div class=\"elementor-widget-wrap elementor-element-populated\">\n\t\t\t\t\t\t<div class=\"elementor-element elementor-element-4caef6b2 wd-parallax-on-scroll wd_scroll_x_0 wd_scroll_y_-30 wd_scroll_z_0 wd_scroll_smoothness_30 elementor-widget elementor-widget-wd_image_or_svg\" data-id=\"4caef6b2\" data-element_type=\"widget\" data-widget_type=\"wd_image_or_svg.default\">\n\t\t\t\t<div class=\"elementor-widget-container\">\n\t\t\t\n\t\t<div class=\"wd-image text-left\">\n\t\t\t\t\t\t\t\t<img decoding=\"async\" width=\"768\" height=\"439\" src=\"https:\/\/dev.prestigtours.com\/wp-content\/uploads\/2024\/08\/ekskursii-i-meropriyatiya-768x439.webp\" class=\"attachment-medium_large size-medium_large\" alt=\"Excursiones y actividades.\" srcset=\"https:\/\/dev.prestigtours.com\/wp-content\/uploads\/2024\/08\/ekskursii-i-meropriyatiya-768x439.webp 768w, https:\/\/dev.prestigtours.com\/wp-content\/uploads\/2024\/08\/ekskursii-i-meropriyatiya-300x171.webp 300w, https:\/\/dev.prestigtours.com\/wp-content\/uploads\/2024\/08\/ekskursii-i-meropriyatiya-1024x585.webp 1024w, https:\/\/dev.prestigtours.com\/wp-content\/uploads\/2024\/08\/ekskursii-i-meropriyatiya-1536x878.webp 1536w, https:\/\/dev.prestigtours.com\/wp-content\/uploads\/2024\/08\/ekskursii-i-meropriyatiya.webp 1792w\" sizes=\"(max-width: 768px) 100vw, 768px\" \/>\t\t\t\t\t<\/div>\n\n\t\t\t\t<\/div>\n\t\t\t\t<\/div>\n\t\t\t\t\t<\/div>\n\t\t<\/div>\n\t\t\t\t\t<\/div>\n\t\t<\/section>\n\t\t\t\t<\/div>","protected":false},"excerpt":{"rendered":"<p>\u00a1Tu seguridad es nuestra prioridad! Seguros: Protecci\u00f3n que brinda tranquilidad En nuestra p\u00e1gina de seguros encontrar\u00e1s todos los servicios que necesitas para<\/p>","protected":false},"author":1,"featured_media":0,"parent":0,"menu_order":0,"comment_status":"closed","ping_status":"closed","template":"","meta":{"footnotes":""},"class_list":["post-82050","page","type-page","status-publish","hentry"],"_links":{"self":[{"href":"https:\/\/dev.prestigtours.com\/es\/wp-json\/wp\/v2\/pages\/82050"}],"collection":[{"href":"https:\/\/dev.prestigtours.com\/es\/wp-json\/wp\/v2\/pages"}],"about":[{"href":"https:\/\/dev.prestigtours.com\/es\/wp-json\/wp\/v2\/types\/page"}],"author":[{"embeddable":true,"href":"https:\/\/dev.prestigtours.com\/es\/wp-json\/wp\/v2\/users\/1"}],"replies":[{"embeddable":true,"href":"https:\/\/dev.prestigtours.com\/es\/wp-json\/wp\/v2\/comments?post=82050"}],"version-history":[{"count":16,"href":"https:\/\/dev.prestigtours.com\/es\/wp-json\/wp\/v2\/pages\/82050\/revisions"}],"predecessor-version":[{"id":82352,"href":"https:\/\/dev.prestigtours.com\/es\/wp-json\/wp\/v2\/pages\/82050\/revisions\/82352"}],"wp:attachment":[{"href":"https:\/\/dev.prestigtours.com\/es\/wp-json\/wp\/v2\/media?parent=82050"}],"curies":[{"name":"wp","href":"https:\/\/api.w.org\/{rel}","templated":true}]}}